{"id":98,"date":"2022-05-27T11:58:08","date_gmt":"2022-05-27T11:58:08","guid":{"rendered":"https:\/\/dmpower.erasmus.site\/?page_id=98"},"modified":"2022-10-28T17:42:31","modified_gmt":"2022-10-28T17:42:31","slug":"meet-the-partners","status":"publish","type":"page","link":"https:\/\/dmpower.erasmus.site\/de\/meet-the-partners\/","title":{"rendered":"Treffe die Partner"},"content":{"rendered":"\t\t<div data-elementor-type=\"wp-page\" data-elementor-id=\"98\" class=\"elementor elementor-98\">\n\t\t\t\t\t\t<section class=\"elementor-section elementor-top-section elementor-element elementor-element-89c5f4c elementor-section-boxed elementor-section-height-default elementor-section-height-default\" data-id=\"89c5f4c\" data-element_type=\"section\" data-e-type=\"section\" data-settings=\"{&quot;background_background&quot;:&quot;gradient&quot;}\">\n\t\t\t\t\t\t<div class=\"elementor-container elementor-column-gap-default\">\n\t\t\t\t\t<div class=\"elementor-column elementor-col-33 elementor-top-column elementor-element elementor-element-f8b4af3\" data-id=\"f8b4af3\" data-element_type=\"column\" data-e-type=\"column\" data-settings=\"{&quot;background_background&quot;:&quot;classic&quot;}\">\n\t\t\t<div class=\"elementor-widget-wrap elementor-element-populated\">\n\t\t\t\t\t\t<div class=\"elementor-element elementor-element-feddd64 elementor-widget elementor-widget-image\" data-id=\"feddd64\" data-element_type=\"widget\" data-e-type=\"widget\" data-widget_type=\"image.default\">\n\t\t\t\t<div class=\"elementor-widget-container\">\n\t\t\t\t\t\t\t\t\t\t\t\t\t\t\t<img decoding=\"async\" width=\"71\" height=\"62\" src=\"https:\/\/dmpower.erasmus.site\/wp-content\/uploads\/2022\/06\/Obraz1.png\" class=\"attachment-large size-large wp-image-183\" alt=\"\" \/>\t\t\t\t\t\t\t\t\t\t\t\t\t\t\t<\/div>\n\t\t\t\t<\/div>\n\t\t\t\t<div class=\"elementor-element elementor-element-510f519 elementor-widget elementor-widget-heading\" data-id=\"510f519\" data-element_type=\"widget\" data-e-type=\"widget\" data-widget_type=\"heading.default\">\n\t\t\t\t<div class=\"elementor-widget-container\">\n\t\t\t\t\t<h2 class=\"elementor-heading-title elementor-size-medium\">CC SANT ALFONS\n<\/h2>\t\t\t\t<\/div>\n\t\t\t\t<\/div>\n\t\t\t\t<div class=\"elementor-element elementor-element-929f904 elementor-widget elementor-widget-text-editor\" data-id=\"929f904\" data-element_type=\"widget\" data-e-type=\"widget\" data-widget_type=\"text-editor.default\">\n\t\t\t\t<div class=\"elementor-widget-container\">\n\t\t\t\t\t\t\t\t\t<p>CC Sant Alfons ist eine Bildungsgenossenschaft mit Sitz in Felanitx, Mallorca.<br \/>Es umfasst alle Bildungsstufen, beginnend mit Krippe, Kindergarten, Grundschule, weiterf\u00fchrender Schule und h\u00f6herer Berufsbildung.<br \/>An der Schule gibt es insgesamt 806 Sch\u00fcler und 91 Lehrer. CC Sant Alfons arbeitet seit zwei Jahren daran, eine neue p\u00e4dagogische Sichtweise zu entwickeln die der Arbeitslinie der ganzen Schule entspricht und sich dem Aufbau und dem Temperament der Schule verpflichtet f\u00fchlt. Hierbei wird die Methodik des \u201akooperativen Lernens\u2018 und der Integration stark gef\u00f6rdert.<br \/>Diese neue Art desArbeitens ist direkt verbunden mit Projektarbeit, die f\u00fcr alle Bildungsbereiche gilt.<\/p>\t\t\t\t\t\t\t\t<\/div>\n\t\t\t\t<\/div>\n\t\t\t\t\t<\/div>\n\t\t<\/div>\n\t\t\t\t<div class=\"elementor-column elementor-col-33 elementor-top-column elementor-element elementor-element-11c2774\" data-id=\"11c2774\" data-element_type=\"column\" data-e-type=\"column\">\n\t\t\t<div class=\"elementor-widget-wrap elementor-element-populated\">\n\t\t\t\t\t\t<div class=\"elementor-element elementor-element-4037606 elementor-widget elementor-widget-heading\" data-id=\"4037606\" data-element_type=\"widget\" data-e-type=\"widget\" data-widget_type=\"heading.default\">\n\t\t\t\t<div class=\"elementor-widget-container\">\n\t\t\t\t\t<h2 class=\"elementor-heading-title elementor-size-default\">Treffe die Partner<\/h2>\t\t\t\t<\/div>\n\t\t\t\t<\/div>\n\t\t\t\t<div class=\"elementor-element elementor-element-d4a7f80 elementor-widget elementor-widget-image\" data-id=\"d4a7f80\" data-element_type=\"widget\" data-e-type=\"widget\" data-widget_type=\"image.default\">\n\t\t\t\t<div class=\"elementor-widget-container\">\n\t\t\t\t\t\t\t\t\t\t\t\t\t\t\t<img decoding=\"async\" width=\"150\" height=\"150\" src=\"https:\/\/dmpower.erasmus.site\/wp-content\/uploads\/2022\/05\/Obraz3-150x150.png\" class=\"attachment-thumbnail size-thumbnail wp-image-30\" alt=\"\" \/>\t\t\t\t\t\t\t\t\t\t\t\t\t\t\t<\/div>\n\t\t\t\t<\/div>\n\t\t\t\t<div class=\"elementor-element elementor-element-0b1a6b9 elementor-widget elementor-widget-image\" data-id=\"0b1a6b9\" data-element_type=\"widget\" data-e-type=\"widget\" data-widget_type=\"image.default\">\n\t\t\t\t<div class=\"elementor-widget-container\">\n\t\t\t\t\t\t\t\t\t\t\t\t\t\t\t<img fetchpriority=\"high\" decoding=\"async\" width=\"981\" height=\"553\" src=\"https:\/\/dmpower.erasmus.site\/wp-content\/uploads\/2022\/05\/Obraz4.png\" class=\"attachment-large size-large wp-image-129\" alt=\"\" srcset=\"https:\/\/dmpower.erasmus.site\/wp-content\/uploads\/2022\/05\/Obraz4.png 981w, https:\/\/dmpower.erasmus.site\/wp-content\/uploads\/2022\/05\/Obraz4-300x169.png 300w, https:\/\/dmpower.erasmus.site\/wp-content\/uploads\/2022\/05\/Obraz4-768x433.png 768w\" sizes=\"(max-width: 981px) 100vw, 981px\" \/>\t\t\t\t\t\t\t\t\t\t\t\t\t\t\t<\/div>\n\t\t\t\t<\/div>\n\t\t\t\t\t<\/div>\n\t\t<\/div>\n\t\t\t\t<div class=\"elementor-column elementor-col-33 elementor-top-column elementor-element elementor-element-1da7b09\" data-id=\"1da7b09\" data-element_type=\"column\" data-e-type=\"column\" data-settings=\"{&quot;background_background&quot;:&quot;classic&quot;}\">\n\t\t\t<div class=\"elementor-widget-wrap elementor-element-populated\">\n\t\t\t\t\t\t<div class=\"elementor-element elementor-element-3785195 elementor-widget elementor-widget-image\" data-id=\"3785195\" data-element_type=\"widget\" data-e-type=\"widget\" data-widget_type=\"image.default\">\n\t\t\t\t<div class=\"elementor-widget-container\">\n\t\t\t\t\t\t\t\t\t\t\t\t\t\t\t<img loading=\"lazy\" decoding=\"async\" width=\"133\" height=\"135\" src=\"https:\/\/dmpower.erasmus.site\/wp-content\/uploads\/2022\/06\/RHS-Logo.png\" class=\"attachment-large size-large wp-image-182\" alt=\"\" \/>\t\t\t\t\t\t\t\t\t\t\t\t\t\t\t<\/div>\n\t\t\t\t<\/div>\n\t\t\t\t<div class=\"elementor-element elementor-element-051685c elementor-widget elementor-widget-heading\" data-id=\"051685c\" data-element_type=\"widget\" data-e-type=\"widget\" data-widget_type=\"heading.default\">\n\t\t\t\t<div class=\"elementor-widget-container\">\n\t\t\t\t\t<h2 class=\"elementor-heading-title elementor-size-medium\">RICARDA HUCH S.\n<\/h2>\t\t\t\t<\/div>\n\t\t\t\t<\/div>\n\t\t\t\t<div class=\"elementor-element elementor-element-5c1c784 elementor-widget elementor-widget-text-editor\" data-id=\"5c1c784\" data-element_type=\"widget\" data-e-type=\"widget\" data-widget_type=\"text-editor.default\">\n\t\t\t\t<div class=\"elementor-widget-container\">\n\t\t\t\t\t\t\t\t\t<p>Die Ricarda-Huch-Schule ist ein Gymnasium mit etwa 700 Sch\u00fclern im Alter von 10 bis 19 Jahren und etwa 60 Mitarbeitern. Unsere Schule ist seit Ende der 1990er Jahre regelm\u00e4\u00dfig Teil der EU-Comenius- und Erasmus+-Projekte. Sowohl Geschichte als auch Erdkunde werden von der 7. bis zur 10. Klasse auf Englisch unterrichtet, sodass der Fremdsprachenunterricht und nat\u00fcrlich internationale Kontakte ganz oben auf unserer Agenda stehen. Das zweite sehr charakteristische Merkmal unserer Institution ist unsere Musikabteilung: Unsere Schule hat drei Blaskapellen, ein Orchester und drei Ch\u00f6re. Au\u00dferdem gibt es in jedem Jahrgang eine Klasse, in der alle Kinder ein Instrument lernen. Da sich unsere Schule seit langem dem Prinzip der Inklusion verschrieben hat, sind Sch\u00fclerinnen und Sch\u00fcler mit Behinderungen in nahezu allen Formen anzutreffen.<\/p>\t\t\t\t\t\t\t\t<\/div>\n\t\t\t\t<\/div>\n\t\t\t\t\t<\/div>\n\t\t<\/div>\n\t\t\t\t\t<\/div>\n\t\t<\/section>\n\t\t\t\t<section class=\"elementor-section elementor-top-section elementor-element elementor-element-9c4027a elementor-section-height-full elementor-section-boxed elementor-section-height-default elementor-section-items-middle\" data-id=\"9c4027a\" data-element_type=\"section\" data-e-type=\"section\" data-settings=\"{&quot;background_background&quot;:&quot;gradient&quot;}\">\n\t\t\t\t\t\t<div class=\"elementor-container elementor-column-gap-default\">\n\t\t\t\t\t<div class=\"elementor-column elementor-col-33 elementor-top-column elementor-element elementor-element-05e6f09\" data-id=\"05e6f09\" data-element_type=\"column\" data-e-type=\"column\" data-settings=\"{&quot;background_background&quot;:&quot;classic&quot;}\">\n\t\t\t<div class=\"elementor-widget-wrap elementor-element-populated\">\n\t\t\t\t\t\t<div class=\"elementor-element elementor-element-ffadbdd elementor-widget elementor-widget-image\" data-id=\"ffadbdd\" data-element_type=\"widget\" data-e-type=\"widget\" data-widget_type=\"image.default\">\n\t\t\t\t<div class=\"elementor-widget-container\">\n\t\t\t\t\t\t\t\t\t\t\t\t\t\t\t<img loading=\"lazy\" decoding=\"async\" width=\"57\" height=\"59\" src=\"https:\/\/dmpower.erasmus.site\/wp-content\/uploads\/2022\/06\/Obraz2.png\" class=\"attachment-large size-large wp-image-187\" alt=\"\" \/>\t\t\t\t\t\t\t\t\t\t\t\t\t\t\t<\/div>\n\t\t\t\t<\/div>\n\t\t\t\t<div class=\"elementor-element elementor-element-5f16fd0 elementor-widget elementor-widget-heading\" data-id=\"5f16fd0\" data-element_type=\"widget\" data-e-type=\"widget\" data-widget_type=\"heading.default\">\n\t\t\t\t<div class=\"elementor-widget-container\">\n\t\t\t\t\t<h2 class=\"elementor-heading-title elementor-size-medium\">CENTRE FOR EDUCATION\n<\/h2>\t\t\t\t<\/div>\n\t\t\t\t<\/div>\n\t\t\t\t<div class=\"elementor-element elementor-element-abe0131 elementor-widget elementor-widget-text-editor\" data-id=\"abe0131\" data-element_type=\"widget\" data-e-type=\"widget\" data-widget_type=\"text-editor.default\">\n\t\t\t\t<div class=\"elementor-widget-container\">\n\t\t\t\t\t\t\t\t\t<p>C4E ist ein gemeinn\u00fctziger Verein mit Sitz in Manacor, Mallorca. Das Team aus professionellen Lehrerinnen und Lehrern und Ehrenamtlichen arbeitet auf folgende Ziele hin: Verbesserung der Aus- und Weiterbildungsm\u00f6glichkeiten in Inhalt und Methodik, Erh\u00f6hung des Angebots an Aus- und Weiterbildung, Verbesserung der Berufschancen, Verbesserung des Wiedereinstiegs Ausbildung oder Selbst\u00e4ndigkeit. Daf\u00fcr bietet C4E Bildung und Training f\u00fcr Kinder, Jugendliche und Erwachsene (h\u00e4ufig mit Migrationshintergrund) in Form von Sprachkursen, Digital-\/Computerkursen und Schl\u00fcsselkompetenztrainings zur Verbesserung der Besch\u00e4ftigungsf\u00e4higkeit an. Das Zentrum wird von Sch\u00fclern unterschiedlicher sozialer Herkunft besucht, die aus vielen verschiedenen EU-L\u00e4ndern stammen und die 16 Jahre und \u00e4lter sind.<\/p>\t\t\t\t\t\t\t\t<\/div>\n\t\t\t\t<\/div>\n\t\t\t\t\t<\/div>\n\t\t<\/div>\n\t\t\t\t<div class=\"elementor-column elementor-col-33 elementor-top-column elementor-element elementor-element-a392b86\" data-id=\"a392b86\" data-element_type=\"column\" data-e-type=\"column\">\n\t\t\t<div class=\"elementor-widget-wrap\">\n\t\t\t\t\t\t\t<\/div>\n\t\t<\/div>\n\t\t\t\t<div class=\"elementor-column elementor-col-33 elementor-top-column elementor-element elementor-element-1b0b53f\" data-id=\"1b0b53f\" data-element_type=\"column\" data-e-type=\"column\" data-settings=\"{&quot;background_background&quot;:&quot;classic&quot;}\">\n\t\t\t<div class=\"elementor-widget-wrap elementor-element-populated\">\n\t\t\t\t\t\t<div class=\"elementor-element elementor-element-aff620e elementor-widget elementor-widget-image\" data-id=\"aff620e\" data-element_type=\"widget\" data-e-type=\"widget\" data-widget_type=\"image.default\">\n\t\t\t\t<div class=\"elementor-widget-container\">\n\t\t\t\t\t\t\t\t\t\t\t\t\t\t\t<img loading=\"lazy\" decoding=\"async\" width=\"60\" height=\"52\" src=\"https:\/\/dmpower.erasmus.site\/wp-content\/uploads\/2022\/06\/Obraz3.png\" class=\"attachment-large size-large wp-image-188\" alt=\"\" \/>\t\t\t\t\t\t\t\t\t\t\t\t\t\t\t<\/div>\n\t\t\t\t<\/div>\n\t\t\t\t<div class=\"elementor-element elementor-element-b95c3c4 elementor-widget elementor-widget-heading\" data-id=\"b95c3c4\" data-element_type=\"widget\" data-e-type=\"widget\" data-widget_type=\"heading.default\">\n\t\t\t\t<div class=\"elementor-widget-container\">\n\t\t\t\t\t<h2 class=\"elementor-heading-title elementor-size-medium\">CWEP<\/h2>\t\t\t\t<\/div>\n\t\t\t\t<\/div>\n\t\t\t\t<div class=\"elementor-element elementor-element-98440f1 elementor-widget elementor-widget-text-editor\" data-id=\"98440f1\" data-element_type=\"widget\" data-e-type=\"widget\" data-widget_type=\"text-editor.default\">\n\t\t\t\t<div class=\"elementor-widget-container\">\n\t\t\t\t\t\t\t\t\t<p>CWEP ist eine Nichtregierungsorganisation, die 2004 von einer Gruppe von Unternehmern, Lehrern und sozialen Aktivisten aus Rzesz\u00f3w, Polen, gegr\u00fcndet wurde. CWEP kooperiert mit Unternehmen und Bildungseinrichtungen. Die Mission von CWEP ist es, die Qualit\u00e4t der Bildung auf allen Ebenen und in all ihren Formen zu verbessern sowie das Unternehmertum zu f\u00f6rdern, um die Integration aller sozialen Gruppen zu f\u00f6rdern, unabh\u00e4ngig von Geschlecht, Alter oder ethnischer Herkunft. Die Ziele sind insbesondere, die Zug\u00e4nglichkeit, Qualit\u00e4t und Effizienz der Bildung f\u00fcr alle Menschen zu verbessern, die Erwachsenenbildung, das lebenslange Lernen, E-Learning und die Nutzung neuer Technologien in Bildung und das Unternehmertum zu f\u00f6rdern. Der Verband arbeitet mit vielen Partnern aus Europa zusammen, um die wirtschaftliche Position von Unternehmen zu st\u00e4rken und bietet Online-Plattformen f\u00fcr Unternehmen an.<\/p>\t\t\t\t\t\t\t\t<\/div>\n\t\t\t\t<\/div>\n\t\t\t\t\t<\/div>\n\t\t<\/div>\n\t\t\t\t\t<\/div>\n\t\t<\/section>\n\t\t\t\t<section class=\"elementor-section elementor-top-section elementor-element elementor-element-2060f94 elementor-section-height-full elementor-section-boxed elementor-section-height-default elementor-section-items-middle\" data-id=\"2060f94\" data-element_type=\"section\" data-e-type=\"section\" data-settings=\"{&quot;background_background&quot;:&quot;gradient&quot;}\">\n\t\t\t\t\t\t<div class=\"elementor-container elementor-column-gap-default\">\n\t\t\t\t\t<div class=\"elementor-column elementor-col-33 elementor-top-column elementor-element elementor-element-48ca547\" data-id=\"48ca547\" data-element_type=\"column\" data-e-type=\"column\" data-settings=\"{&quot;background_background&quot;:&quot;classic&quot;}\">\n\t\t\t<div class=\"elementor-widget-wrap elementor-element-populated\">\n\t\t\t\t\t\t<div class=\"elementor-element elementor-element-efa8e08 elementor-widget elementor-widget-image\" data-id=\"efa8e08\" data-element_type=\"widget\" data-e-type=\"widget\" data-widget_type=\"image.default\">\n\t\t\t\t<div class=\"elementor-widget-container\">\n\t\t\t\t\t\t\t\t\t\t\t\t\t\t\t<img loading=\"lazy\" decoding=\"async\" width=\"95\" height=\"83\" src=\"https:\/\/dmpower.erasmus.site\/wp-content\/uploads\/2022\/06\/Obraz4.png\" class=\"attachment-large size-large wp-image-189\" alt=\"\" \/>\t\t\t\t\t\t\t\t\t\t\t\t\t\t\t<\/div>\n\t\t\t\t<\/div>\n\t\t\t\t<div class=\"elementor-element elementor-element-6cfac70 elementor-widget elementor-widget-heading\" data-id=\"6cfac70\" data-element_type=\"widget\" data-e-type=\"widget\" data-widget_type=\"heading.default\">\n\t\t\t\t<div class=\"elementor-widget-container\">\n\t\t\t\t\t<h2 class=\"elementor-heading-title elementor-size-medium\">LUDUSXR<\/h2>\t\t\t\t<\/div>\n\t\t\t\t<\/div>\n\t\t\t\t<div class=\"elementor-element elementor-element-190cc68 elementor-widget elementor-widget-text-editor\" data-id=\"190cc68\" data-element_type=\"widget\" data-e-type=\"widget\" data-widget_type=\"text-editor.default\">\n\t\t\t\t<div class=\"elementor-widget-container\">\n\t\t\t\t\t\t\t\t\t<p><\/p><p>Bei LudusXR sind wir spezialisiert auf die Entwicklung von Computerspielen, Virtual- und Augmented-Reality-Experiences, Apps und digitalen Tools jeglicher Art f\u00fcr das Lernen, Aus- und Weiterbildung, insbesondere f\u00fcr ERASMUS+ \/ EU-Projekte. Vor der Gr\u00fcndung von LudusXR haben wir in den letzten 10 Jahren eine IT-Abteilung im Ressourcenzentrum f\u00fcr Integration in der Gemeinde Vejle, D\u00e4nemark, betrieben. Hier arbeiteten wir als Projektkoordinatoren, Partner, Entwickler, Fundraiser, Verkaufs- und Marketingabteilungen und in vielen anderen Rollen. Mit anderen Worten, wir sind das Gesamtpaket.<\/p>\t\t\t\t\t\t\t\t<\/div>\n\t\t\t\t<\/div>\n\t\t\t\t\t<\/div>\n\t\t<\/div>\n\t\t\t\t<div class=\"elementor-column elementor-col-33 elementor-top-column elementor-element elementor-element-df7aff0\" data-id=\"df7aff0\" data-element_type=\"column\" data-e-type=\"column\">\n\t\t\t<div class=\"elementor-widget-wrap\">\n\t\t\t\t\t\t\t<\/div>\n\t\t<\/div>\n\t\t\t\t<div class=\"elementor-column elementor-col-33 elementor-top-column elementor-element elementor-element-3254b9d\" data-id=\"3254b9d\" data-element_type=\"column\" data-e-type=\"column\" data-settings=\"{&quot;background_background&quot;:&quot;classic&quot;}\">\n\t\t\t<div class=\"elementor-widget-wrap elementor-element-populated\">\n\t\t\t\t\t\t<div class=\"elementor-element elementor-element-ac33363 elementor-widget elementor-widget-image\" data-id=\"ac33363\" data-element_type=\"widget\" data-e-type=\"widget\" data-widget_type=\"image.default\">\n\t\t\t\t<div class=\"elementor-widget-container\">\n\t\t\t\t\t\t\t\t\t\t\t\t\t\t\t<img loading=\"lazy\" decoding=\"async\" width=\"98\" height=\"60\" src=\"https:\/\/dmpower.erasmus.site\/wp-content\/uploads\/2022\/06\/Obraz5.png\" class=\"attachment-large size-large wp-image-190\" alt=\"\" \/>\t\t\t\t\t\t\t\t\t\t\t\t\t\t\t<\/div>\n\t\t\t\t<\/div>\n\t\t\t\t<div class=\"elementor-element elementor-element-6ff62cd elementor-widget elementor-widget-heading\" data-id=\"6ff62cd\" data-element_type=\"widget\" data-e-type=\"widget\" data-widget_type=\"heading.default\">\n\t\t\t\t<div class=\"elementor-widget-container\">\n\t\t\t\t\t<h2 class=\"elementor-heading-title elementor-size-medium\">ZESPOL SZKOL\n<\/h2>\t\t\t\t<\/div>\n\t\t\t\t<\/div>\n\t\t\t\t<div class=\"elementor-element elementor-element-a886115 elementor-widget elementor-widget-text-editor\" data-id=\"a886115\" data-element_type=\"widget\" data-e-type=\"widget\" data-widget_type=\"text-editor.default\">\n\t\t\t\t<div class=\"elementor-widget-container\">\n\t\t\t\t\t\t\t\t\t<p><\/p><p>Der Dr.-Jan-Zwierz-Schulkomplex wurde 1944 von Priester Jan Zwierz gegr\u00fcndet, der Pfarrer der \u00f6rtlichen katholischen Kiirche war. Aufgabe der Schule war es von Beginn an, junge Menschen bei der Erlangung bester beruflicher Qualifikationen und umfassender \u00fcberfachlicher Kenntnisse zu unterst\u00fctzen.<br \/>Die Schule w\u00e4chst st\u00e4ndig und ist derzeit die gr\u00f6\u00dfte Mittelschule im Kreis Ropczyce-S\u0119dzisz\u00f3w. Die Schule verf\u00fcgt \u00fcber mehr als 50 gut ausgestattete Klassenzimmer, einen Indoor-Sport- und Unterhaltungsort, einen Komplex von Spielfeldern, eine Turnhalle, eine Aula, Schulwerkst\u00e4tten und einen Schlafsaal sowie einen eigenen Schulbus. Die Schule hat eine starke Partnerschaft mit den gr\u00f6\u00dften Akteuren auf dem lokalen Arbeitsmarkt aufgebaut und entwickelt sie st\u00e4ndig weiter.<\/p>\t\t\t\t\t\t\t\t<\/div>\n\t\t\t\t<\/div>\n\t\t\t\t\t<\/div>\n\t\t<\/div>\n\t\t\t\t\t<\/div>\n\t\t<\/section>\n\t\t\t\t<\/div>\n\t\t","protected":false},"excerpt":{"rendered":"<p>CC SANT ALFONS CC Sant Alfons ist eine Bildungsgenossenschaft mit Sitz in Felanitx, Mallorca.Es umfasst alle Bildungsstufen, beginnend mit Krippe, Kindergarten, Grundschule, weiterf\u00fchrender Schule und h\u00f6herer Berufsbildung.An der Schule gibt es insgesamt 806 Sch\u00fcler und 91 Lehrer. CC Sant Alfons arbeitet seit zwei Jahren daran, eine neue p\u00e4dagogische Sichtweise zu entwickeln die der Arbeitslinie der&hellip;&nbsp;<\/p>\n","protected":false},"author":1,"featured_media":0,"parent":0,"menu_order":0,"comment_status":"closed","ping_status":"closed","template":"page-templates\/template-pagebuilder-full-width.php","meta":{"neve_meta_sidebar":"","neve_meta_container":"","neve_meta_enable_content_width":"off","neve_meta_content_width":100,"neve_meta_title_alignment":"","neve_meta_author_avatar":"","neve_post_elements_order":"","neve_meta_disable_header":"","neve_meta_disable_footer":"","neve_meta_disable_title":"","footnotes":""},"class_list":["post-98","page","type-page","status-publish","hentry"],"_links":{"self":[{"href":"https:\/\/dmpower.erasmus.site\/de\/wp-json\/wp\/v2\/pages\/98","targetHints":{"allow":["GET"]}}],"collection":[{"href":"https:\/\/dmpower.erasmus.site\/de\/wp-json\/wp\/v2\/pages"}],"about":[{"href":"https:\/\/dmpower.erasmus.site\/de\/wp-json\/wp\/v2\/types\/page"}],"author":[{"embeddable":true,"href":"https:\/\/dmpower.erasmus.site\/de\/wp-json\/wp\/v2\/users\/1"}],"replies":[{"embeddable":true,"href":"https:\/\/dmpower.erasmus.site\/de\/wp-json\/wp\/v2\/comments?post=98"}],"version-history":[{"count":100,"href":"https:\/\/dmpower.erasmus.site\/de\/wp-json\/wp\/v2\/pages\/98\/revisions"}],"predecessor-version":[{"id":439,"href":"https:\/\/dmpower.erasmus.site\/de\/wp-json\/wp\/v2\/pages\/98\/revisions\/439"}],"wp:attachment":[{"href":"https:\/\/dmpower.erasmus.site\/de\/wp-json\/wp\/v2\/media?parent=98"}],"curies":[{"name":"wp","href":"https:\/\/api.w.org\/{rel}","templated":true}]}}