{"id":220,"date":"2022-06-20T11:22:31","date_gmt":"2022-06-20T11:22:31","guid":{"rendered":"https:\/\/dmpower.erasmus.site\/?page_id=220"},"modified":"2022-10-28T18:19:20","modified_gmt":"2022-10-28T18:19:20","slug":"update-webinars","status":"publish","type":"page","link":"https:\/\/dmpower.erasmus.site\/dk\/update-webinars\/","title":{"rendered":"UPDATE WEBINARER"},"content":{"rendered":"\t\t<div data-elementor-type=\"wp-page\" data-elementor-id=\"220\" class=\"elementor elementor-220\">\n\t\t\t\t\t\t<section class=\"elementor-section elementor-top-section elementor-element elementor-element-1b8e30f elementor-section-boxed elementor-section-height-default elementor-section-height-default\" data-id=\"1b8e30f\" data-element_type=\"section\" data-e-type=\"section\">\n\t\t\t\t\t\t<div class=\"elementor-container elementor-column-gap-default\">\n\t\t\t\t\t<div class=\"elementor-column elementor-col-100 elementor-top-column elementor-element elementor-element-f0ea2f2\" data-id=\"f0ea2f2\" data-element_type=\"column\" data-e-type=\"column\">\n\t\t\t<div class=\"elementor-widget-wrap elementor-element-populated\">\n\t\t\t\t\t\t<div class=\"elementor-element elementor-element-f3c2049 elementor-widget elementor-widget-heading\" data-id=\"f3c2049\" data-element_type=\"widget\" data-e-type=\"widget\" data-widget_type=\"heading.default\">\n\t\t\t\t<div class=\"elementor-widget-container\">\n\t\t\t\t\t<h2 class=\"elementor-heading-title elementor-size-default\">UPDATE WEBINARER<\/h2>\t\t\t\t<\/div>\n\t\t\t\t<\/div>\n\t\t\t\t<div class=\"elementor-element elementor-element-45ee0e6 elementor-widget elementor-widget-text-editor\" data-id=\"45ee0e6\" data-element_type=\"widget\" data-e-type=\"widget\" data-widget_type=\"text-editor.default\">\n\t\t\t\t<div class=\"elementor-widget-container\">\n\t\t\t\t\t\t\t\t\t<p>Disse videoopdateringer formidle nyheder om, hvordan projektet skrider frem og vil fremh\u00e6ve udviklingen, s\u00e5som brugerregistreringer p\u00e5 DMP-platformen. Testresultater og eventuelle implementerede forbedringer vil kunne ses i disse nyheder.<\/p>\t\t\t\t\t\t\t\t<\/div>\n\t\t\t\t<\/div>\n\t\t\t\t\t<\/div>\n\t\t<\/div>\n\t\t\t\t\t<\/div>\n\t\t<\/section>\n\t\t\t\t<\/div>\n\t\t","protected":false},"excerpt":{"rendered":"<p>UPDATE WEBINARER Disse videoopdateringer formidle nyheder om, hvordan projektet skrider frem og vil fremh\u00e6ve udviklingen, s\u00e5som brugerregistreringer p\u00e5 DMP-platformen. Testresultater og eventuelle implementerede forbedringer vil kunne ses i disse nyheder.<\/p>\n","protected":false},"author":1,"featured_media":0,"parent":0,"menu_order":0,"comment_status":"closed","ping_status":"closed","template":"page-templates\/template-pagebuilder-full-width.php","meta":{"neve_meta_sidebar":"","neve_meta_container":"","neve_meta_enable_content_width":"off","neve_meta_content_width":100,"neve_meta_title_alignment":"","neve_meta_author_avatar":"","neve_post_elements_order":"","neve_meta_disable_header":"","neve_meta_disable_footer":"","neve_meta_disable_title":"","footnotes":""},"class_list":["post-220","page","type-page","status-publish","hentry"],"_links":{"self":[{"href":"https:\/\/dmpower.erasmus.site\/dk\/wp-json\/wp\/v2\/pages\/220","targetHints":{"allow":["GET"]}}],"collection":[{"href":"https:\/\/dmpower.erasmus.site\/dk\/wp-json\/wp\/v2\/pages"}],"about":[{"href":"https:\/\/dmpower.erasmus.site\/dk\/wp-json\/wp\/v2\/types\/page"}],"author":[{"embeddable":true,"href":"https:\/\/dmpower.erasmus.site\/dk\/wp-json\/wp\/v2\/users\/1"}],"replies":[{"embeddable":true,"href":"https:\/\/dmpower.erasmus.site\/dk\/wp-json\/wp\/v2\/comments?post=220"}],"version-history":[{"count":20,"href":"https:\/\/dmpower.erasmus.site\/dk\/wp-json\/wp\/v2\/pages\/220\/revisions"}],"predecessor-version":[{"id":448,"href":"https:\/\/dmpower.erasmus.site\/dk\/wp-json\/wp\/v2\/pages\/220\/revisions\/448"}],"wp:attachment":[{"href":"https:\/\/dmpower.erasmus.site\/dk\/wp-json\/wp\/v2\/media?parent=220"}],"curies":[{"name":"wp","href":"https:\/\/api.w.org\/{rel}","templated":true}]}}