{"id":98,"date":"2022-05-27T11:58:08","date_gmt":"2022-05-27T11:58:08","guid":{"rendered":"https:\/\/dmpower.erasmus.site\/?page_id=98"},"modified":"2022-10-28T17:42:31","modified_gmt":"2022-10-28T17:42:31","slug":"meet-the-partners","status":"publish","type":"page","link":"https:\/\/dmpower.erasmus.site\/dk\/meet-the-partners\/","title":{"rendered":"M\u00f8d partnerskabet"},"content":{"rendered":"\t\t<div data-elementor-type=\"wp-page\" data-elementor-id=\"98\" class=\"elementor elementor-98\">\n\t\t\t\t\t\t<section class=\"elementor-section elementor-top-section elementor-element elementor-element-89c5f4c elementor-section-boxed elementor-section-height-default elementor-section-height-default\" data-id=\"89c5f4c\" data-element_type=\"section\" data-e-type=\"section\" data-settings=\"{&quot;background_background&quot;:&quot;gradient&quot;}\">\n\t\t\t\t\t\t<div class=\"elementor-container elementor-column-gap-default\">\n\t\t\t\t\t<div class=\"elementor-column elementor-col-33 elementor-top-column elementor-element elementor-element-f8b4af3\" data-id=\"f8b4af3\" data-element_type=\"column\" data-e-type=\"column\" data-settings=\"{&quot;background_background&quot;:&quot;classic&quot;}\">\n\t\t\t<div class=\"elementor-widget-wrap elementor-element-populated\">\n\t\t\t\t\t\t<div class=\"elementor-element elementor-element-feddd64 elementor-widget elementor-widget-image\" data-id=\"feddd64\" data-element_type=\"widget\" data-e-type=\"widget\" data-widget_type=\"image.default\">\n\t\t\t\t<div class=\"elementor-widget-container\">\n\t\t\t\t\t\t\t\t\t\t\t\t\t\t\t<img decoding=\"async\" width=\"71\" height=\"62\" src=\"https:\/\/dmpower.erasmus.site\/wp-content\/uploads\/2022\/06\/Obraz1.png\" class=\"attachment-large size-large wp-image-183\" alt=\"\" \/>\t\t\t\t\t\t\t\t\t\t\t\t\t\t\t<\/div>\n\t\t\t\t<\/div>\n\t\t\t\t<div class=\"elementor-element elementor-element-510f519 elementor-widget elementor-widget-heading\" data-id=\"510f519\" data-element_type=\"widget\" data-e-type=\"widget\" data-widget_type=\"heading.default\">\n\t\t\t\t<div class=\"elementor-widget-container\">\n\t\t\t\t\t<h2 class=\"elementor-heading-title elementor-size-medium\">CC SANT ALFONS\n<\/h2>\t\t\t\t<\/div>\n\t\t\t\t<\/div>\n\t\t\t\t<div class=\"elementor-element elementor-element-929f904 elementor-widget elementor-widget-text-editor\" data-id=\"929f904\" data-element_type=\"widget\" data-e-type=\"widget\" data-widget_type=\"text-editor.default\">\n\t\t\t\t<div class=\"elementor-widget-container\">\n\t\t\t\t\t\t\t\t\t<p>CC Sant Alfons er et undervisningssamarbejde placeret i Felanitx, Mallorca. <br \/>De d\u00e6kker alle uddannelsesniveauer, som str\u00e6kker sig fra vuggestue, b\u00f8rnehave, folkeskole, og helt op til erhvervsuddannelse. <br \/>De huser totalt 806 elever og 91 undervisere. CC Sant Alfons har i to \u00e5r arbejdet p\u00e5 at udvikle et nyt p\u00e6dagogisk synspunkt <br \/>der stemmer overens med arbejdet p\u00e5 hele skolen, s\u00e5ledes at det ligner stedets fysiognomi <br \/>og dets temperament. Samtidigt har de forpligtet sig til at <br \/>inkorporere skolens metode ind i &#8216;kooperativ l\u00e6ring&#8217;, <br \/>som er en inkluderende metode, der promoverer social sammenh\u00e6ngskraft. Denne nye m\u00e5de at arbejde p\u00e5 er direke forbundet med det projektarbejde som g\u00e6lder alle p\u00e6dagogiske cycklusser. <\/p>\t\t\t\t\t\t\t\t<\/div>\n\t\t\t\t<\/div>\n\t\t\t\t\t<\/div>\n\t\t<\/div>\n\t\t\t\t<div class=\"elementor-column elementor-col-33 elementor-top-column elementor-element elementor-element-11c2774\" data-id=\"11c2774\" data-element_type=\"column\" data-e-type=\"column\">\n\t\t\t<div class=\"elementor-widget-wrap elementor-element-populated\">\n\t\t\t\t\t\t<div class=\"elementor-element elementor-element-4037606 elementor-widget elementor-widget-heading\" data-id=\"4037606\" data-element_type=\"widget\" data-e-type=\"widget\" data-widget_type=\"heading.default\">\n\t\t\t\t<div class=\"elementor-widget-container\">\n\t\t\t\t\t<h2 class=\"elementor-heading-title elementor-size-default\">M\u00f8d partnerskabet<\/h2>\t\t\t\t<\/div>\n\t\t\t\t<\/div>\n\t\t\t\t<div class=\"elementor-element elementor-element-d4a7f80 elementor-widget elementor-widget-image\" data-id=\"d4a7f80\" data-element_type=\"widget\" data-e-type=\"widget\" data-widget_type=\"image.default\">\n\t\t\t\t<div class=\"elementor-widget-container\">\n\t\t\t\t\t\t\t\t\t\t\t\t\t\t\t<img decoding=\"async\" width=\"150\" height=\"150\" src=\"https:\/\/dmpower.erasmus.site\/wp-content\/uploads\/2022\/05\/Obraz3-150x150.png\" class=\"attachment-thumbnail size-thumbnail wp-image-30\" alt=\"\" \/>\t\t\t\t\t\t\t\t\t\t\t\t\t\t\t<\/div>\n\t\t\t\t<\/div>\n\t\t\t\t<div class=\"elementor-element elementor-element-0b1a6b9 elementor-widget elementor-widget-image\" data-id=\"0b1a6b9\" data-element_type=\"widget\" data-e-type=\"widget\" data-widget_type=\"image.default\">\n\t\t\t\t<div class=\"elementor-widget-container\">\n\t\t\t\t\t\t\t\t\t\t\t\t\t\t\t<img fetchpriority=\"high\" decoding=\"async\" width=\"981\" height=\"553\" src=\"https:\/\/dmpower.erasmus.site\/wp-content\/uploads\/2022\/05\/Obraz4.png\" class=\"attachment-large size-large wp-image-129\" alt=\"\" srcset=\"https:\/\/dmpower.erasmus.site\/wp-content\/uploads\/2022\/05\/Obraz4.png 981w, https:\/\/dmpower.erasmus.site\/wp-content\/uploads\/2022\/05\/Obraz4-300x169.png 300w, https:\/\/dmpower.erasmus.site\/wp-content\/uploads\/2022\/05\/Obraz4-768x433.png 768w\" sizes=\"(max-width: 981px) 100vw, 981px\" \/>\t\t\t\t\t\t\t\t\t\t\t\t\t\t\t<\/div>\n\t\t\t\t<\/div>\n\t\t\t\t\t<\/div>\n\t\t<\/div>\n\t\t\t\t<div class=\"elementor-column elementor-col-33 elementor-top-column elementor-element elementor-element-1da7b09\" data-id=\"1da7b09\" data-element_type=\"column\" data-e-type=\"column\" data-settings=\"{&quot;background_background&quot;:&quot;classic&quot;}\">\n\t\t\t<div class=\"elementor-widget-wrap elementor-element-populated\">\n\t\t\t\t\t\t<div class=\"elementor-element elementor-element-3785195 elementor-widget elementor-widget-image\" data-id=\"3785195\" data-element_type=\"widget\" data-e-type=\"widget\" data-widget_type=\"image.default\">\n\t\t\t\t<div class=\"elementor-widget-container\">\n\t\t\t\t\t\t\t\t\t\t\t\t\t\t\t<img loading=\"lazy\" decoding=\"async\" width=\"133\" height=\"135\" src=\"https:\/\/dmpower.erasmus.site\/wp-content\/uploads\/2022\/06\/RHS-Logo.png\" class=\"attachment-large size-large wp-image-182\" alt=\"\" \/>\t\t\t\t\t\t\t\t\t\t\t\t\t\t\t<\/div>\n\t\t\t\t<\/div>\n\t\t\t\t<div class=\"elementor-element elementor-element-051685c elementor-widget elementor-widget-heading\" data-id=\"051685c\" data-element_type=\"widget\" data-e-type=\"widget\" data-widget_type=\"heading.default\">\n\t\t\t\t<div class=\"elementor-widget-container\">\n\t\t\t\t\t<h2 class=\"elementor-heading-title elementor-size-medium\">RICARDA HUCH S.\n<\/h2>\t\t\t\t<\/div>\n\t\t\t\t<\/div>\n\t\t\t\t<div class=\"elementor-element elementor-element-5c1c784 elementor-widget elementor-widget-text-editor\" data-id=\"5c1c784\" data-element_type=\"widget\" data-e-type=\"widget\" data-widget_type=\"text-editor.default\">\n\t\t\t\t<div class=\"elementor-widget-container\">\n\t\t\t\t\t\t\t\t\t<p>Ricarda-Huch-Schule er en folkeskole og gymnasie med omkring 700 elever i alderen 10 til 19 og cirka 60 medarbejdere. Vores skole har v\u00e6ret en del af EU Comenius og Erasmus+ projekter p\u00e5 regul\u00e6r basis siden slutningen af 1990&#8217;erne. I b\u00e5de historie and geografi er foreg\u00e5r undervisningen p\u00e5 English fra 7. til 10. klasse, hvilket betyder at fremmedsprog og, selvf\u00f8lgelig, internationale kontakter rangerer meget h\u00f8jt p\u00e5 vores dagsorden. Det andet s\u00e6rpr\u00e6g ved vores skole er vores musikafdeling. Vores skole har tre hornorkestre, et fuldt orkester og tre kor. Ydermere, er det skemalagt hvert \u00e5r at alle elever l\u00e6rer at spille et instrument. Eftersom vores skole for l\u00e6nge siden har taget inklusion til sig, kan man finde elever med divere handikap deltage i n\u00e6sten alle fag.<\/p>\t\t\t\t\t\t\t\t<\/div>\n\t\t\t\t<\/div>\n\t\t\t\t\t<\/div>\n\t\t<\/div>\n\t\t\t\t\t<\/div>\n\t\t<\/section>\n\t\t\t\t<section class=\"elementor-section elementor-top-section elementor-element elementor-element-9c4027a elementor-section-height-full elementor-section-boxed elementor-section-height-default elementor-section-items-middle\" data-id=\"9c4027a\" data-element_type=\"section\" data-e-type=\"section\" data-settings=\"{&quot;background_background&quot;:&quot;gradient&quot;}\">\n\t\t\t\t\t\t<div class=\"elementor-container elementor-column-gap-default\">\n\t\t\t\t\t<div class=\"elementor-column elementor-col-33 elementor-top-column elementor-element elementor-element-05e6f09\" data-id=\"05e6f09\" data-element_type=\"column\" data-e-type=\"column\" data-settings=\"{&quot;background_background&quot;:&quot;classic&quot;}\">\n\t\t\t<div class=\"elementor-widget-wrap elementor-element-populated\">\n\t\t\t\t\t\t<div class=\"elementor-element elementor-element-ffadbdd elementor-widget elementor-widget-image\" data-id=\"ffadbdd\" data-element_type=\"widget\" data-e-type=\"widget\" data-widget_type=\"image.default\">\n\t\t\t\t<div class=\"elementor-widget-container\">\n\t\t\t\t\t\t\t\t\t\t\t\t\t\t\t<img loading=\"lazy\" decoding=\"async\" width=\"57\" height=\"59\" src=\"https:\/\/dmpower.erasmus.site\/wp-content\/uploads\/2022\/06\/Obraz2.png\" class=\"attachment-large size-large wp-image-187\" alt=\"\" \/>\t\t\t\t\t\t\t\t\t\t\t\t\t\t\t<\/div>\n\t\t\t\t<\/div>\n\t\t\t\t<div class=\"elementor-element elementor-element-5f16fd0 elementor-widget elementor-widget-heading\" data-id=\"5f16fd0\" data-element_type=\"widget\" data-e-type=\"widget\" data-widget_type=\"heading.default\">\n\t\t\t\t<div class=\"elementor-widget-container\">\n\t\t\t\t\t<h2 class=\"elementor-heading-title elementor-size-medium\">CENTRE FOR EDUCATION\n<\/h2>\t\t\t\t<\/div>\n\t\t\t\t<\/div>\n\t\t\t\t<div class=\"elementor-element elementor-element-abe0131 elementor-widget elementor-widget-text-editor\" data-id=\"abe0131\" data-element_type=\"widget\" data-e-type=\"widget\" data-widget_type=\"text-editor.default\">\n\t\t\t\t<div class=\"elementor-widget-container\">\n\t\t\t\t\t\t\t\t\t<p>C4E er en non-profit organisation i Manacor, Mallorca. Holdet best\u00e5r af professionelle undervisere og frivillige der arbejder mod de f\u00f8lgende m\u00e5ls\u00e6tninger: At forbedre undervisnings- og tr\u00e6nings muligheder b\u00e5de n\u00e5r det g\u00e6lder indhold og metode, for at \u00f8ge tilg\u00e6ngeligheden af undervisning og tr\u00e6ning, at forbedre chancerne for ans\u00e6ttelse, og at forbedre efteruddannelse eller at blive selvst\u00e6ndig erhversdrivende. For at lykkes med dette, giver C4E undervisning og tr\u00e6ning for b\u00e5de b\u00f8rn, unge og voksne (ofte migranter) i form af sprogkurser, digitale \/ computerkurser og tr\u00e6ning af spidskompetencer for at forbedre chancer for ans\u00e6ttelse. Centeret bes\u00f8ges af elever som har mange forkellige sociale baggrunde, og som kommer fra mange forskellige EU lande, i aldersgruppen 16 \u00e5r og opefter.<\/p>\t\t\t\t\t\t\t\t<\/div>\n\t\t\t\t<\/div>\n\t\t\t\t\t<\/div>\n\t\t<\/div>\n\t\t\t\t<div class=\"elementor-column elementor-col-33 elementor-top-column elementor-element elementor-element-a392b86\" data-id=\"a392b86\" data-element_type=\"column\" data-e-type=\"column\">\n\t\t\t<div class=\"elementor-widget-wrap\">\n\t\t\t\t\t\t\t<\/div>\n\t\t<\/div>\n\t\t\t\t<div class=\"elementor-column elementor-col-33 elementor-top-column elementor-element elementor-element-1b0b53f\" data-id=\"1b0b53f\" data-element_type=\"column\" data-e-type=\"column\" data-settings=\"{&quot;background_background&quot;:&quot;classic&quot;}\">\n\t\t\t<div class=\"elementor-widget-wrap elementor-element-populated\">\n\t\t\t\t\t\t<div class=\"elementor-element elementor-element-aff620e elementor-widget elementor-widget-image\" data-id=\"aff620e\" data-element_type=\"widget\" data-e-type=\"widget\" data-widget_type=\"image.default\">\n\t\t\t\t<div class=\"elementor-widget-container\">\n\t\t\t\t\t\t\t\t\t\t\t\t\t\t\t<img loading=\"lazy\" decoding=\"async\" width=\"60\" height=\"52\" src=\"https:\/\/dmpower.erasmus.site\/wp-content\/uploads\/2022\/06\/Obraz3.png\" class=\"attachment-large size-large wp-image-188\" alt=\"\" \/>\t\t\t\t\t\t\t\t\t\t\t\t\t\t\t<\/div>\n\t\t\t\t<\/div>\n\t\t\t\t<div class=\"elementor-element elementor-element-b95c3c4 elementor-widget elementor-widget-heading\" data-id=\"b95c3c4\" data-element_type=\"widget\" data-e-type=\"widget\" data-widget_type=\"heading.default\">\n\t\t\t\t<div class=\"elementor-widget-container\">\n\t\t\t\t\t<h2 class=\"elementor-heading-title elementor-size-medium\">CWEP<\/h2>\t\t\t\t<\/div>\n\t\t\t\t<\/div>\n\t\t\t\t<div class=\"elementor-element elementor-element-98440f1 elementor-widget elementor-widget-text-editor\" data-id=\"98440f1\" data-element_type=\"widget\" data-e-type=\"widget\" data-widget_type=\"text-editor.default\">\n\t\t\t\t<div class=\"elementor-widget-container\">\n\t\t\t\t\t\t\t\t\t<p>CWEP er en NGO grundlagt i 2004 af en gruppe iv\u00e6rks\u00e6ttere, l\u00e6rere og aktivister fra Rzesz\u00f3w, Polen. CWEP samarbejder med virksomheder og uddannelsesinstitutioner. Missionen hos CWEP er at \u00f8ge kvaliteten af uddannelse p\u00e5 alle niveauer og i alle dets former, s\u00e5vel som at promovere iv\u00e6rks\u00e6tteri for at fremme integration af enhver social gruppe, uanset deres k\u00f8n, alder eller ethniske ophavn. Mere specifikt, er m\u00e5let at forbedre tilg\u00e6ngelighed, kvalitet og effektiviteten af uddannelse for alle mennesker, at promovere og bidrage til voksen uddannelse, livslang l\u00e6ring, e-l\u00e6ring samt the brugen af nye teknologier i uddannelse og iv\u00e6rks\u00e6tteri. Foreningen arbejder med mange partnere fra Europa for at styrke den \u00f8konomiske position samt at tilbyde online platformer for sm\u00e5 og mellemstore virksomheder.<\/p>\t\t\t\t\t\t\t\t<\/div>\n\t\t\t\t<\/div>\n\t\t\t\t\t<\/div>\n\t\t<\/div>\n\t\t\t\t\t<\/div>\n\t\t<\/section>\n\t\t\t\t<section class=\"elementor-section elementor-top-section elementor-element elementor-element-2060f94 elementor-section-height-full elementor-section-boxed elementor-section-height-default elementor-section-items-middle\" data-id=\"2060f94\" data-element_type=\"section\" data-e-type=\"section\" data-settings=\"{&quot;background_background&quot;:&quot;gradient&quot;}\">\n\t\t\t\t\t\t<div class=\"elementor-container elementor-column-gap-default\">\n\t\t\t\t\t<div class=\"elementor-column elementor-col-33 elementor-top-column elementor-element elementor-element-48ca547\" data-id=\"48ca547\" data-element_type=\"column\" data-e-type=\"column\" data-settings=\"{&quot;background_background&quot;:&quot;classic&quot;}\">\n\t\t\t<div class=\"elementor-widget-wrap elementor-element-populated\">\n\t\t\t\t\t\t<div class=\"elementor-element elementor-element-efa8e08 elementor-widget elementor-widget-image\" data-id=\"efa8e08\" data-element_type=\"widget\" data-e-type=\"widget\" data-widget_type=\"image.default\">\n\t\t\t\t<div class=\"elementor-widget-container\">\n\t\t\t\t\t\t\t\t\t\t\t\t\t\t\t<img loading=\"lazy\" decoding=\"async\" width=\"95\" height=\"83\" src=\"https:\/\/dmpower.erasmus.site\/wp-content\/uploads\/2022\/06\/Obraz4.png\" class=\"attachment-large size-large wp-image-189\" alt=\"\" \/>\t\t\t\t\t\t\t\t\t\t\t\t\t\t\t<\/div>\n\t\t\t\t<\/div>\n\t\t\t\t<div class=\"elementor-element elementor-element-6cfac70 elementor-widget elementor-widget-heading\" data-id=\"6cfac70\" data-element_type=\"widget\" data-e-type=\"widget\" data-widget_type=\"heading.default\">\n\t\t\t\t<div class=\"elementor-widget-container\">\n\t\t\t\t\t<h2 class=\"elementor-heading-title elementor-size-medium\">LUDUSXR<\/h2>\t\t\t\t<\/div>\n\t\t\t\t<\/div>\n\t\t\t\t<div class=\"elementor-element elementor-element-190cc68 elementor-widget elementor-widget-text-editor\" data-id=\"190cc68\" data-element_type=\"widget\" data-e-type=\"widget\" data-widget_type=\"text-editor.default\">\n\t\t\t\t<div class=\"elementor-widget-container\">\n\t\t\t\t\t\t\t\t\t<p><\/p><p>Hos LudusXR er vi specialister i at udvikle computerspil, virtual- og augmented reality oplevelser, apps og digitale v\u00e6rkt\u00f8jer af enhver slags til l\u00e6ring, uddannelse og tr\u00e6ning, specielt i ERASMUS+ \/ EU projekter. Forud for etableringen af LudusXR har vi i de seneste 10 \u00e5r drevet en IT-afdeling p\u00e5 det dav\u00e6rende Videnscenter for Integration i Vejle Kommune. Her arbejdede vi som projektkoordinatorer, partnere, udviklere, fundraisere, salgs- og marketingafdelinger for bare at n\u00f8vne nogle af vores mange roller. Sagt med andre ord; vi er hele pakken!<\/p>\t\t\t\t\t\t\t\t<\/div>\n\t\t\t\t<\/div>\n\t\t\t\t\t<\/div>\n\t\t<\/div>\n\t\t\t\t<div class=\"elementor-column elementor-col-33 elementor-top-column elementor-element elementor-element-df7aff0\" data-id=\"df7aff0\" data-element_type=\"column\" data-e-type=\"column\">\n\t\t\t<div class=\"elementor-widget-wrap\">\n\t\t\t\t\t\t\t<\/div>\n\t\t<\/div>\n\t\t\t\t<div class=\"elementor-column elementor-col-33 elementor-top-column elementor-element elementor-element-3254b9d\" data-id=\"3254b9d\" data-element_type=\"column\" data-e-type=\"column\" data-settings=\"{&quot;background_background&quot;:&quot;classic&quot;}\">\n\t\t\t<div class=\"elementor-widget-wrap elementor-element-populated\">\n\t\t\t\t\t\t<div class=\"elementor-element elementor-element-ac33363 elementor-widget elementor-widget-image\" data-id=\"ac33363\" data-element_type=\"widget\" data-e-type=\"widget\" data-widget_type=\"image.default\">\n\t\t\t\t<div class=\"elementor-widget-container\">\n\t\t\t\t\t\t\t\t\t\t\t\t\t\t\t<img loading=\"lazy\" decoding=\"async\" width=\"98\" height=\"60\" src=\"https:\/\/dmpower.erasmus.site\/wp-content\/uploads\/2022\/06\/Obraz5.png\" class=\"attachment-large size-large wp-image-190\" alt=\"\" \/>\t\t\t\t\t\t\t\t\t\t\t\t\t\t\t<\/div>\n\t\t\t\t<\/div>\n\t\t\t\t<div class=\"elementor-element elementor-element-6ff62cd elementor-widget elementor-widget-heading\" data-id=\"6ff62cd\" data-element_type=\"widget\" data-e-type=\"widget\" data-widget_type=\"heading.default\">\n\t\t\t\t<div class=\"elementor-widget-container\">\n\t\t\t\t\t<h2 class=\"elementor-heading-title elementor-size-medium\">ZESPOL SZKOL\n<\/h2>\t\t\t\t<\/div>\n\t\t\t\t<\/div>\n\t\t\t\t<div class=\"elementor-element elementor-element-a886115 elementor-widget elementor-widget-text-editor\" data-id=\"a886115\" data-element_type=\"widget\" data-e-type=\"widget\" data-widget_type=\"text-editor.default\">\n\t\t\t\t<div class=\"elementor-widget-container\">\n\t\t\t\t\t\t\t\t\t<p><\/p><p>Pr. Dr. Jan Zwierz Skolekomplekset blev grundlagt i 1944 af pr\u00e6sten Jan Zwierz, som var lokal pr\u00e6st ved tranformationens katolske kirke. Skolens opgave var helt fra begyndelsen at st\u00f8tte unge i at opn\u00e5 de bedste faglige kvalifikationer og omfattende tv\u00e6rfaglig viden.<br \/>Skolen vokser konstant, i \u00f8jeblikket er det den st\u00f8rste gymnasieskole i Ropczyce-S\u0119dzisz\u00f3w distriktet. Skolen har mere end 50 veludstyrede klassev\u00e6relser, et indend\u00f8rs sports- og underholdningssted, et kompleks af spillebaner, et motionscenter, et forsamlingshus, skolev\u00e6rksteder og et kollegium til r\u00e5dighed i sine ressourcer. Derudover har den ogs\u00e5 sin egen skolebus. Skolen har etableret og udvikler konstant et st\u00e6rkt partnerskab med de st\u00f8rste akt\u00f8rer p\u00e5 det lokale arbejdsmarked.<\/p>\t\t\t\t\t\t\t\t<\/div>\n\t\t\t\t<\/div>\n\t\t\t\t\t<\/div>\n\t\t<\/div>\n\t\t\t\t\t<\/div>\n\t\t<\/section>\n\t\t\t\t<\/div>\n\t\t","protected":false},"excerpt":{"rendered":"<p>CC SANT ALFONS CC Sant Alfons er et undervisningssamarbejde placeret i Felanitx, Mallorca. De d\u00e6kker alle uddannelsesniveauer, som str\u00e6kker sig fra vuggestue, b\u00f8rnehave, folkeskole, og helt op til erhvervsuddannelse. De huser totalt 806 elever og 91 undervisere. CC Sant Alfons har i to \u00e5r arbejdet p\u00e5 at udvikle et nyt p\u00e6dagogisk synspunkt der stemmer overens&hellip;&nbsp;<\/p>\n","protected":false},"author":1,"featured_media":0,"parent":0,"menu_order":0,"comment_status":"closed","ping_status":"closed","template":"page-templates\/template-pagebuilder-full-width.php","meta":{"neve_meta_sidebar":"","neve_meta_container":"","neve_meta_enable_content_width":"off","neve_meta_content_width":100,"neve_meta_title_alignment":"","neve_meta_author_avatar":"","neve_post_elements_order":"","neve_meta_disable_header":"","neve_meta_disable_footer":"","neve_meta_disable_title":"","footnotes":""},"class_list":["post-98","page","type-page","status-publish","hentry"],"_links":{"self":[{"href":"https:\/\/dmpower.erasmus.site\/dk\/wp-json\/wp\/v2\/pages\/98","targetHints":{"allow":["GET"]}}],"collection":[{"href":"https:\/\/dmpower.erasmus.site\/dk\/wp-json\/wp\/v2\/pages"}],"about":[{"href":"https:\/\/dmpower.erasmus.site\/dk\/wp-json\/wp\/v2\/types\/page"}],"author":[{"embeddable":true,"href":"https:\/\/dmpower.erasmus.site\/dk\/wp-json\/wp\/v2\/users\/1"}],"replies":[{"embeddable":true,"href":"https:\/\/dmpower.erasmus.site\/dk\/wp-json\/wp\/v2\/comments?post=98"}],"version-history":[{"count":100,"href":"https:\/\/dmpower.erasmus.site\/dk\/wp-json\/wp\/v2\/pages\/98\/revisions"}],"predecessor-version":[{"id":439,"href":"https:\/\/dmpower.erasmus.site\/dk\/wp-json\/wp\/v2\/pages\/98\/revisions\/439"}],"wp:attachment":[{"href":"https:\/\/dmpower.erasmus.site\/dk\/wp-json\/wp\/v2\/media?parent=98"}],"curies":[{"name":"wp","href":"https:\/\/api.w.org\/{rel}","templated":true}]}}