{"id":98,"date":"2022-05-27T11:58:08","date_gmt":"2022-05-27T11:58:08","guid":{"rendered":"https:\/\/dmpower.erasmus.site\/?page_id=98"},"modified":"2022-10-28T17:42:31","modified_gmt":"2022-10-28T17:42:31","slug":"meet-the-partners","status":"publish","type":"page","link":"https:\/\/dmpower.erasmus.site\/es\/meet-the-partners\/","title":{"rendered":"CONOCER A LOS SOCIOS"},"content":{"rendered":"\t\t<div data-elementor-type=\"wp-page\" data-elementor-id=\"98\" class=\"elementor elementor-98\">\n\t\t\t\t\t\t<section class=\"elementor-section elementor-top-section elementor-element elementor-element-89c5f4c elementor-section-boxed elementor-section-height-default elementor-section-height-default\" data-id=\"89c5f4c\" data-element_type=\"section\" data-e-type=\"section\" data-settings=\"{&quot;background_background&quot;:&quot;gradient&quot;}\">\n\t\t\t\t\t\t<div class=\"elementor-container elementor-column-gap-default\">\n\t\t\t\t\t<div class=\"elementor-column elementor-col-33 elementor-top-column elementor-element elementor-element-f8b4af3\" data-id=\"f8b4af3\" data-element_type=\"column\" data-e-type=\"column\" data-settings=\"{&quot;background_background&quot;:&quot;classic&quot;}\">\n\t\t\t<div class=\"elementor-widget-wrap elementor-element-populated\">\n\t\t\t\t\t\t<div class=\"elementor-element elementor-element-feddd64 elementor-widget elementor-widget-image\" data-id=\"feddd64\" data-element_type=\"widget\" data-e-type=\"widget\" data-widget_type=\"image.default\">\n\t\t\t\t<div class=\"elementor-widget-container\">\n\t\t\t\t\t\t\t\t\t\t\t\t\t\t\t<img decoding=\"async\" width=\"71\" height=\"62\" src=\"https:\/\/dmpower.erasmus.site\/wp-content\/uploads\/2022\/06\/Obraz1.png\" class=\"attachment-large size-large wp-image-183\" alt=\"\" \/>\t\t\t\t\t\t\t\t\t\t\t\t\t\t\t<\/div>\n\t\t\t\t<\/div>\n\t\t\t\t<div class=\"elementor-element elementor-element-510f519 elementor-widget elementor-widget-heading\" data-id=\"510f519\" data-element_type=\"widget\" data-e-type=\"widget\" data-widget_type=\"heading.default\">\n\t\t\t\t<div class=\"elementor-widget-container\">\n\t\t\t\t\t<h2 class=\"elementor-heading-title elementor-size-medium\">CC SANT ALFONS\n<\/h2>\t\t\t\t<\/div>\n\t\t\t\t<\/div>\n\t\t\t\t<div class=\"elementor-element elementor-element-929f904 elementor-widget elementor-widget-text-editor\" data-id=\"929f904\" data-element_type=\"widget\" data-e-type=\"widget\" data-widget_type=\"text-editor.default\">\n\t\t\t\t<div class=\"elementor-widget-container\">\n\t\t\t\t\t\t\t\t\t<p>CC Sant Alfons\u00bb es una cooperativa educativa situada en Felanitx, Mallorca. <br \/>Abarca todos los niveles educativos, desde guarder\u00eda y jard\u00edn de infancia, <br \/>educaci\u00f3n primaria, educaci\u00f3n secundaria y formaci\u00f3n profesional. <br \/>Cuenta con un total de 806 alumnos y 91 profesores. El CC Sant Alfons <br \/>trabaja desde hace dos a\u00f1os en el desarrollo de una nueva <br \/>l\u00ednea de trabajo donde todo el centro apuesta para un mismo objetivo com\u00fan: la incorporaci\u00f3n de la metodolog\u00eda del \u00abaprendizaje cooperativo\u00bb, <br \/>una metodolog\u00eda inclusiva que promueve la cohesi\u00f3n social. Esta nueva forma de <br \/>trabajar est\u00e1 directamente vinculada al trabajo por proyectos que se aplica en todos los ciclos educativos. <\/p>\t\t\t\t\t\t\t\t<\/div>\n\t\t\t\t<\/div>\n\t\t\t\t\t<\/div>\n\t\t<\/div>\n\t\t\t\t<div class=\"elementor-column elementor-col-33 elementor-top-column elementor-element elementor-element-11c2774\" data-id=\"11c2774\" data-element_type=\"column\" data-e-type=\"column\">\n\t\t\t<div class=\"elementor-widget-wrap elementor-element-populated\">\n\t\t\t\t\t\t<div class=\"elementor-element elementor-element-4037606 elementor-widget elementor-widget-heading\" data-id=\"4037606\" data-element_type=\"widget\" data-e-type=\"widget\" data-widget_type=\"heading.default\">\n\t\t\t\t<div class=\"elementor-widget-container\">\n\t\t\t\t\t<h2 class=\"elementor-heading-title elementor-size-default\">CONOCER A LOS SOCIOS<\/h2>\t\t\t\t<\/div>\n\t\t\t\t<\/div>\n\t\t\t\t<div class=\"elementor-element elementor-element-d4a7f80 elementor-widget elementor-widget-image\" data-id=\"d4a7f80\" data-element_type=\"widget\" data-e-type=\"widget\" data-widget_type=\"image.default\">\n\t\t\t\t<div class=\"elementor-widget-container\">\n\t\t\t\t\t\t\t\t\t\t\t\t\t\t\t<img decoding=\"async\" width=\"150\" height=\"150\" src=\"https:\/\/dmpower.erasmus.site\/wp-content\/uploads\/2022\/05\/Obraz3-150x150.png\" class=\"attachment-thumbnail size-thumbnail wp-image-30\" alt=\"\" \/>\t\t\t\t\t\t\t\t\t\t\t\t\t\t\t<\/div>\n\t\t\t\t<\/div>\n\t\t\t\t<div class=\"elementor-element elementor-element-0b1a6b9 elementor-widget elementor-widget-image\" data-id=\"0b1a6b9\" data-element_type=\"widget\" data-e-type=\"widget\" data-widget_type=\"image.default\">\n\t\t\t\t<div class=\"elementor-widget-container\">\n\t\t\t\t\t\t\t\t\t\t\t\t\t\t\t<img fetchpriority=\"high\" decoding=\"async\" width=\"981\" height=\"553\" src=\"https:\/\/dmpower.erasmus.site\/wp-content\/uploads\/2022\/05\/Obraz4.png\" class=\"attachment-large size-large wp-image-129\" alt=\"\" srcset=\"https:\/\/dmpower.erasmus.site\/wp-content\/uploads\/2022\/05\/Obraz4.png 981w, https:\/\/dmpower.erasmus.site\/wp-content\/uploads\/2022\/05\/Obraz4-300x169.png 300w, https:\/\/dmpower.erasmus.site\/wp-content\/uploads\/2022\/05\/Obraz4-768x433.png 768w\" sizes=\"(max-width: 981px) 100vw, 981px\" \/>\t\t\t\t\t\t\t\t\t\t\t\t\t\t\t<\/div>\n\t\t\t\t<\/div>\n\t\t\t\t\t<\/div>\n\t\t<\/div>\n\t\t\t\t<div class=\"elementor-column elementor-col-33 elementor-top-column elementor-element elementor-element-1da7b09\" data-id=\"1da7b09\" data-element_type=\"column\" data-e-type=\"column\" data-settings=\"{&quot;background_background&quot;:&quot;classic&quot;}\">\n\t\t\t<div class=\"elementor-widget-wrap elementor-element-populated\">\n\t\t\t\t\t\t<div class=\"elementor-element elementor-element-3785195 elementor-widget elementor-widget-image\" data-id=\"3785195\" data-element_type=\"widget\" data-e-type=\"widget\" data-widget_type=\"image.default\">\n\t\t\t\t<div class=\"elementor-widget-container\">\n\t\t\t\t\t\t\t\t\t\t\t\t\t\t\t<img loading=\"lazy\" decoding=\"async\" width=\"133\" height=\"135\" src=\"https:\/\/dmpower.erasmus.site\/wp-content\/uploads\/2022\/06\/RHS-Logo.png\" class=\"attachment-large size-large wp-image-182\" alt=\"\" \/>\t\t\t\t\t\t\t\t\t\t\t\t\t\t\t<\/div>\n\t\t\t\t<\/div>\n\t\t\t\t<div class=\"elementor-element elementor-element-051685c elementor-widget elementor-widget-heading\" data-id=\"051685c\" data-element_type=\"widget\" data-e-type=\"widget\" data-widget_type=\"heading.default\">\n\t\t\t\t<div class=\"elementor-widget-container\">\n\t\t\t\t\t<h2 class=\"elementor-heading-title elementor-size-medium\">RICARDA HUCH S.\n<\/h2>\t\t\t\t<\/div>\n\t\t\t\t<\/div>\n\t\t\t\t<div class=\"elementor-element elementor-element-5c1c784 elementor-widget elementor-widget-text-editor\" data-id=\"5c1c784\" data-element_type=\"widget\" data-e-type=\"widget\" data-widget_type=\"text-editor.default\">\n\t\t\t\t<div class=\"elementor-widget-container\">\n\t\t\t\t\t\t\t\t\t<p>Ricarda-Huch-Schule\u00bb es un centro de ense\u00f1anza secundaria (Gymnasium) con unos 700 alumnos de entre 10 y 19 a\u00f1os y unos 60 empleados. Nuestra escuela participa en los proyectos Comenius y Erasmus+ de la UE de forma constante desde finales de los a\u00f1os 90. Tanto la Historia como la Geograf\u00eda se imparten en ingl\u00e9s desde el s\u00e9ptimo al d\u00e9cimo a\u00f1o, lo que significa que la ense\u00f1anza de lenguas extranjeras y, por supuesto, los contactos internacionales ocupan un lugar muy importante en nuestra agenda. El segundo rasgo distintivo de nuestra instituci\u00f3n es el departamento musical: nuestra escuela cuenta con tres bandas de m\u00fasica, una orquesta y tres coros. Adem\u00e1s, en cada curso hay una clase en la que todos los ni\u00f1os aprenden a tocar un instrumento. Como nuestra escuela hace tiempo que adopt\u00f3 el principio de inclusi\u00f3n, hay alumnos con discapacidades en casi todos los cursos.<\/p>\t\t\t\t\t\t\t\t<\/div>\n\t\t\t\t<\/div>\n\t\t\t\t\t<\/div>\n\t\t<\/div>\n\t\t\t\t\t<\/div>\n\t\t<\/section>\n\t\t\t\t<section class=\"elementor-section elementor-top-section elementor-element elementor-element-9c4027a elementor-section-height-full elementor-section-boxed elementor-section-height-default elementor-section-items-middle\" data-id=\"9c4027a\" data-element_type=\"section\" data-e-type=\"section\" data-settings=\"{&quot;background_background&quot;:&quot;gradient&quot;}\">\n\t\t\t\t\t\t<div class=\"elementor-container elementor-column-gap-default\">\n\t\t\t\t\t<div class=\"elementor-column elementor-col-33 elementor-top-column elementor-element elementor-element-05e6f09\" data-id=\"05e6f09\" data-element_type=\"column\" data-e-type=\"column\" data-settings=\"{&quot;background_background&quot;:&quot;classic&quot;}\">\n\t\t\t<div class=\"elementor-widget-wrap elementor-element-populated\">\n\t\t\t\t\t\t<div class=\"elementor-element elementor-element-ffadbdd elementor-widget elementor-widget-image\" data-id=\"ffadbdd\" data-element_type=\"widget\" data-e-type=\"widget\" data-widget_type=\"image.default\">\n\t\t\t\t<div class=\"elementor-widget-container\">\n\t\t\t\t\t\t\t\t\t\t\t\t\t\t\t<img loading=\"lazy\" decoding=\"async\" width=\"57\" height=\"59\" src=\"https:\/\/dmpower.erasmus.site\/wp-content\/uploads\/2022\/06\/Obraz2.png\" class=\"attachment-large size-large wp-image-187\" alt=\"\" \/>\t\t\t\t\t\t\t\t\t\t\t\t\t\t\t<\/div>\n\t\t\t\t<\/div>\n\t\t\t\t<div class=\"elementor-element elementor-element-5f16fd0 elementor-widget elementor-widget-heading\" data-id=\"5f16fd0\" data-element_type=\"widget\" data-e-type=\"widget\" data-widget_type=\"heading.default\">\n\t\t\t\t<div class=\"elementor-widget-container\">\n\t\t\t\t\t<h2 class=\"elementor-heading-title elementor-size-medium\">CENTRE FOR EDUCATION\n<\/h2>\t\t\t\t<\/div>\n\t\t\t\t<\/div>\n\t\t\t\t<div class=\"elementor-element elementor-element-abe0131 elementor-widget elementor-widget-text-editor\" data-id=\"abe0131\" data-element_type=\"widget\" data-e-type=\"widget\" data-widget_type=\"text-editor.default\">\n\t\t\t\t<div class=\"elementor-widget-container\">\n\t\t\t\t\t\t\t\t\t<p>C4E es una asociaci\u00f3n sin \u00e1nimo de lucro con sede en Manacor, Mallorca. El equipo de educadores profesionales y voluntarios trabaja con las siguientes metas y objetivos: la mejora de las oportunidades de educaci\u00f3n y formaci\u00f3n tanto en contenido como en m\u00e9todo, para aumentar la disponibilidad de la educaci\u00f3n y la formaci\u00f3n, y para mejorar las posibilidades de empleo, mejorar la reincorporaci\u00f3n a la educaci\u00f3n o el autoempleo. Para ello, el C4E forma a ni\u00f1os, j\u00f3venes y adultos (a menudo con antecedentes migratorios) en forma de cursos de idiomas, cursos digitales\/inform\u00e1ticos y formaci\u00f3n en competencias clave para mejorar la empleabilidad. Al centro acuden estudiantes de diversos or\u00edgenes sociales, procedentes de muchos pa\u00edses de la UE y con edades comprendidas entre los 16 a\u00f1os y los m\u00e1s avanzados.<\/p>\t\t\t\t\t\t\t\t<\/div>\n\t\t\t\t<\/div>\n\t\t\t\t\t<\/div>\n\t\t<\/div>\n\t\t\t\t<div class=\"elementor-column elementor-col-33 elementor-top-column elementor-element elementor-element-a392b86\" data-id=\"a392b86\" data-element_type=\"column\" data-e-type=\"column\">\n\t\t\t<div class=\"elementor-widget-wrap\">\n\t\t\t\t\t\t\t<\/div>\n\t\t<\/div>\n\t\t\t\t<div class=\"elementor-column elementor-col-33 elementor-top-column elementor-element elementor-element-1b0b53f\" data-id=\"1b0b53f\" data-element_type=\"column\" data-e-type=\"column\" data-settings=\"{&quot;background_background&quot;:&quot;classic&quot;}\">\n\t\t\t<div class=\"elementor-widget-wrap elementor-element-populated\">\n\t\t\t\t\t\t<div class=\"elementor-element elementor-element-aff620e elementor-widget elementor-widget-image\" data-id=\"aff620e\" data-element_type=\"widget\" data-e-type=\"widget\" data-widget_type=\"image.default\">\n\t\t\t\t<div class=\"elementor-widget-container\">\n\t\t\t\t\t\t\t\t\t\t\t\t\t\t\t<img loading=\"lazy\" decoding=\"async\" width=\"60\" height=\"52\" src=\"https:\/\/dmpower.erasmus.site\/wp-content\/uploads\/2022\/06\/Obraz3.png\" class=\"attachment-large size-large wp-image-188\" alt=\"\" \/>\t\t\t\t\t\t\t\t\t\t\t\t\t\t\t<\/div>\n\t\t\t\t<\/div>\n\t\t\t\t<div class=\"elementor-element elementor-element-b95c3c4 elementor-widget elementor-widget-heading\" data-id=\"b95c3c4\" data-element_type=\"widget\" data-e-type=\"widget\" data-widget_type=\"heading.default\">\n\t\t\t\t<div class=\"elementor-widget-container\">\n\t\t\t\t\t<h2 class=\"elementor-heading-title elementor-size-medium\">CWEP<\/h2>\t\t\t\t<\/div>\n\t\t\t\t<\/div>\n\t\t\t\t<div class=\"elementor-element elementor-element-98440f1 elementor-widget elementor-widget-text-editor\" data-id=\"98440f1\" data-element_type=\"widget\" data-e-type=\"widget\" data-widget_type=\"text-editor.default\">\n\t\t\t\t<div class=\"elementor-widget-container\">\n\t\t\t\t\t\t\t\t\t<p>CWEP es una organizaci\u00f3n no gubernamental fundada en 2004 por un grupo de empresarios, profesores y activistas sociales de Rzesz\u00f3w Polonia. CWEP coopera con empresas e instituciones educativas. La misi\u00f3n de CWEP es aumentar la calidad de la formaci\u00f3n educativa a todos los niveles y en todas sus formas, as\u00ed como promover el esp\u00edritu empresarial para fomentar la integraci\u00f3n de cualquier grupo social, independientemente de su sexo, edad u origen \u00e9tnico. En particular, los objetivos son: mejorar la accesibilidad, la calidad y la eficiencia de la educaci\u00f3n de todas las personas, promover y contribuir a la educaci\u00f3n de adultos, el aprendizaje permanente, el aprendizaje electr\u00f3nico y el uso de las nuevas tecnolog\u00edas en la educaci\u00f3n y el esp\u00edritu empresarial. La Asociaci\u00f3n trabaja con muchos socios de Europa para fortalecer la posici\u00f3n econ\u00f3mica de las empresas y proporciona plataformas en l\u00ednea para las empresas.<\/p>\t\t\t\t\t\t\t\t<\/div>\n\t\t\t\t<\/div>\n\t\t\t\t\t<\/div>\n\t\t<\/div>\n\t\t\t\t\t<\/div>\n\t\t<\/section>\n\t\t\t\t<section class=\"elementor-section elementor-top-section elementor-element elementor-element-2060f94 elementor-section-height-full elementor-section-boxed elementor-section-height-default elementor-section-items-middle\" data-id=\"2060f94\" data-element_type=\"section\" data-e-type=\"section\" data-settings=\"{&quot;background_background&quot;:&quot;gradient&quot;}\">\n\t\t\t\t\t\t<div class=\"elementor-container elementor-column-gap-default\">\n\t\t\t\t\t<div class=\"elementor-column elementor-col-33 elementor-top-column elementor-element elementor-element-48ca547\" data-id=\"48ca547\" data-element_type=\"column\" data-e-type=\"column\" data-settings=\"{&quot;background_background&quot;:&quot;classic&quot;}\">\n\t\t\t<div class=\"elementor-widget-wrap elementor-element-populated\">\n\t\t\t\t\t\t<div class=\"elementor-element elementor-element-efa8e08 elementor-widget elementor-widget-image\" data-id=\"efa8e08\" data-element_type=\"widget\" data-e-type=\"widget\" data-widget_type=\"image.default\">\n\t\t\t\t<div class=\"elementor-widget-container\">\n\t\t\t\t\t\t\t\t\t\t\t\t\t\t\t<img loading=\"lazy\" decoding=\"async\" width=\"95\" height=\"83\" src=\"https:\/\/dmpower.erasmus.site\/wp-content\/uploads\/2022\/06\/Obraz4.png\" class=\"attachment-large size-large wp-image-189\" alt=\"\" \/>\t\t\t\t\t\t\t\t\t\t\t\t\t\t\t<\/div>\n\t\t\t\t<\/div>\n\t\t\t\t<div class=\"elementor-element elementor-element-6cfac70 elementor-widget elementor-widget-heading\" data-id=\"6cfac70\" data-element_type=\"widget\" data-e-type=\"widget\" data-widget_type=\"heading.default\">\n\t\t\t\t<div class=\"elementor-widget-container\">\n\t\t\t\t\t<h2 class=\"elementor-heading-title elementor-size-medium\">LUDUSXR<\/h2>\t\t\t\t<\/div>\n\t\t\t\t<\/div>\n\t\t\t\t<div class=\"elementor-element elementor-element-190cc68 elementor-widget elementor-widget-text-editor\" data-id=\"190cc68\" data-element_type=\"widget\" data-e-type=\"widget\" data-widget_type=\"text-editor.default\">\n\t\t\t\t<div class=\"elementor-widget-container\">\n\t\t\t\t\t\t\t\t\t<p><\/p><p>En LudusXR estamos especializados en el desarrollo de juegos para ordenador, experiencias de realidad virtual y aumentada, aplicaciones y herramientas digitales de todo tipo para el aprendizaje, la educaci\u00f3n y la formaci\u00f3n, especialmente en proyectos ERASMUS+\/UE. Antes de crear LudusXR, durante los \u00faltimos 10 a\u00f1os, hemos dirigido un departamento de TI en el Centro de Recursos para la Integraci\u00f3n, en el municipio de Vejle, Dinamarca. Aqu\u00ed hemos trabajado como: coordinadores de proyectos, socios, desarrolladores, recaudadores de fondos, departamentos de ventas y marketing y muchas otras funciones. En otras palabras, somos el paquete completo.<\/p>\t\t\t\t\t\t\t\t<\/div>\n\t\t\t\t<\/div>\n\t\t\t\t\t<\/div>\n\t\t<\/div>\n\t\t\t\t<div class=\"elementor-column elementor-col-33 elementor-top-column elementor-element elementor-element-df7aff0\" data-id=\"df7aff0\" data-element_type=\"column\" data-e-type=\"column\">\n\t\t\t<div class=\"elementor-widget-wrap\">\n\t\t\t\t\t\t\t<\/div>\n\t\t<\/div>\n\t\t\t\t<div class=\"elementor-column elementor-col-33 elementor-top-column elementor-element elementor-element-3254b9d\" data-id=\"3254b9d\" data-element_type=\"column\" data-e-type=\"column\" data-settings=\"{&quot;background_background&quot;:&quot;classic&quot;}\">\n\t\t\t<div class=\"elementor-widget-wrap elementor-element-populated\">\n\t\t\t\t\t\t<div class=\"elementor-element elementor-element-ac33363 elementor-widget elementor-widget-image\" data-id=\"ac33363\" data-element_type=\"widget\" data-e-type=\"widget\" data-widget_type=\"image.default\">\n\t\t\t\t<div class=\"elementor-widget-container\">\n\t\t\t\t\t\t\t\t\t\t\t\t\t\t\t<img loading=\"lazy\" decoding=\"async\" width=\"98\" height=\"60\" src=\"https:\/\/dmpower.erasmus.site\/wp-content\/uploads\/2022\/06\/Obraz5.png\" class=\"attachment-large size-large wp-image-190\" alt=\"\" \/>\t\t\t\t\t\t\t\t\t\t\t\t\t\t\t<\/div>\n\t\t\t\t<\/div>\n\t\t\t\t<div class=\"elementor-element elementor-element-6ff62cd elementor-widget elementor-widget-heading\" data-id=\"6ff62cd\" data-element_type=\"widget\" data-e-type=\"widget\" data-widget_type=\"heading.default\">\n\t\t\t\t<div class=\"elementor-widget-container\">\n\t\t\t\t\t<h2 class=\"elementor-heading-title elementor-size-medium\">ZESPOL SZKOL\n<\/h2>\t\t\t\t<\/div>\n\t\t\t\t<\/div>\n\t\t\t\t<div class=\"elementor-element elementor-element-a886115 elementor-widget elementor-widget-text-editor\" data-id=\"a886115\" data-element_type=\"widget\" data-e-type=\"widget\" data-widget_type=\"text-editor.default\">\n\t\t\t\t<div class=\"elementor-widget-container\">\n\t\t\t\t\t\t\t\t\t<p><\/p><p>El Complejo Escolar Dr. Jan Zwierz fu\u00e9 fundado en 1944 por el sacerdote Jan Zwierz, vicario de la iglesia cat\u00f3lica local de La Transfiguraci\u00f3n. Desde el principio, la tarea de este centro fue apoyar a los j\u00f3venes para que obtuvieran las mejores calificaciones profesionales y amplios conocimientos interdisciplinarios.<br \/>La escuela est\u00e1 en constante crecimiento, actualmente es la mayor escuela secundaria de Ropczyce-S\u0119dzisz\u00f3w poviat. La escuela tiene, entre sus recursos, m\u00e1s de 50 aulas totalmente equipadas, un recinto deportivo y de ocio cubierto, un complejo de campos de juego, un gimnasio, un sal\u00f3n de actos, talleres escolares y una residencia para los estudiantes, tambi\u00e9n tiene su propio autob\u00fas escolar. La escuela estableci\u00f3, de forma constante, una fuerte relaci\u00f3n con los principales actores del mercado laboral local.<\/p>\t\t\t\t\t\t\t\t<\/div>\n\t\t\t\t<\/div>\n\t\t\t\t\t<\/div>\n\t\t<\/div>\n\t\t\t\t\t<\/div>\n\t\t<\/section>\n\t\t\t\t<\/div>\n\t\t","protected":false},"excerpt":{"rendered":"<p>CC SANT ALFONS CC Sant Alfons\u00bb es una cooperativa educativa situada en Felanitx, Mallorca. Abarca todos los niveles educativos, desde guarder\u00eda y jard\u00edn de infancia, educaci\u00f3n primaria, educaci\u00f3n secundaria y formaci\u00f3n profesional. Cuenta con un total de 806 alumnos y 91 profesores. El CC Sant Alfons trabaja desde hace dos a\u00f1os en el desarrollo de&hellip;&nbsp;<\/p>\n","protected":false},"author":1,"featured_media":0,"parent":0,"menu_order":0,"comment_status":"closed","ping_status":"closed","template":"page-templates\/template-pagebuilder-full-width.php","meta":{"neve_meta_sidebar":"","neve_meta_container":"","neve_meta_enable_content_width":"off","neve_meta_content_width":100,"neve_meta_title_alignment":"","neve_meta_author_avatar":"","neve_post_elements_order":"","neve_meta_disable_header":"","neve_meta_disable_footer":"","neve_meta_disable_title":"","footnotes":""},"class_list":["post-98","page","type-page","status-publish","hentry"],"_links":{"self":[{"href":"https:\/\/dmpower.erasmus.site\/es\/wp-json\/wp\/v2\/pages\/98","targetHints":{"allow":["GET"]}}],"collection":[{"href":"https:\/\/dmpower.erasmus.site\/es\/wp-json\/wp\/v2\/pages"}],"about":[{"href":"https:\/\/dmpower.erasmus.site\/es\/wp-json\/wp\/v2\/types\/page"}],"author":[{"embeddable":true,"href":"https:\/\/dmpower.erasmus.site\/es\/wp-json\/wp\/v2\/users\/1"}],"replies":[{"embeddable":true,"href":"https:\/\/dmpower.erasmus.site\/es\/wp-json\/wp\/v2\/comments?post=98"}],"version-history":[{"count":100,"href":"https:\/\/dmpower.erasmus.site\/es\/wp-json\/wp\/v2\/pages\/98\/revisions"}],"predecessor-version":[{"id":439,"href":"https:\/\/dmpower.erasmus.site\/es\/wp-json\/wp\/v2\/pages\/98\/revisions\/439"}],"wp:attachment":[{"href":"https:\/\/dmpower.erasmus.site\/es\/wp-json\/wp\/v2\/media?parent=98"}],"curies":[{"name":"wp","href":"https:\/\/api.w.org\/{rel}","templated":true}]}}