{"id":226,"date":"2022-06-20T11:27:28","date_gmt":"2022-06-20T11:27:28","guid":{"rendered":"https:\/\/dmpower.erasmus.site\/?page_id=226"},"modified":"2023-10-31T14:11:46","modified_gmt":"2023-10-31T14:11:46","slug":"eu-tools","status":"publish","type":"page","link":"https:\/\/dmpower.erasmus.site\/pl\/eu-tools\/","title":{"rendered":"NARZ\u0118DZIA UE"},"content":{"rendered":"\t\t<div data-elementor-type=\"wp-page\" data-elementor-id=\"226\" class=\"elementor elementor-226\">\n\t\t\t\t\t\t<section class=\"elementor-section elementor-top-section elementor-element elementor-element-e70c7fe elementor-section-boxed elementor-section-height-default elementor-section-height-default\" data-id=\"e70c7fe\" data-element_type=\"section\" data-e-type=\"section\">\n\t\t\t\t\t\t<div class=\"elementor-container elementor-column-gap-default\">\n\t\t\t\t\t<div class=\"elementor-column elementor-col-100 elementor-top-column elementor-element elementor-element-08b548a\" data-id=\"08b548a\" data-element_type=\"column\" data-e-type=\"column\">\n\t\t\t<div class=\"elementor-widget-wrap elementor-element-populated\">\n\t\t\t\t\t\t<div class=\"elementor-element elementor-element-8b77527 elementor-widget elementor-widget-heading\" data-id=\"8b77527\" data-element_type=\"widget\" data-e-type=\"widget\" data-widget_type=\"heading.default\">\n\t\t\t\t<div class=\"elementor-widget-container\">\n\t\t\t\t\t<h2 class=\"elementor-heading-title elementor-size-default\">SZKOLNA BRAMA EDUKACYJNA<\/h2>\t\t\t\t<\/div>\n\t\t\t\t<\/div>\n\t\t\t\t\t<\/div>\n\t\t<\/div>\n\t\t\t\t\t<\/div>\n\t\t<\/section>\n\t\t\t\t<section class=\"elementor-section elementor-top-section elementor-element elementor-element-48ac1a5 elementor-section-boxed elementor-section-height-default elementor-section-height-default\" data-id=\"48ac1a5\" data-element_type=\"section\" data-e-type=\"section\">\n\t\t\t\t\t\t<div class=\"elementor-container elementor-column-gap-default\">\n\t\t\t\t\t<div class=\"elementor-column elementor-col-33 elementor-top-column elementor-element elementor-element-9748d26\" data-id=\"9748d26\" data-element_type=\"column\" data-e-type=\"column\">\n\t\t\t<div class=\"elementor-widget-wrap elementor-element-populated\">\n\t\t\t\t\t\t<div class=\"elementor-element elementor-element-ea2370a elementor-widget elementor-widget-image\" data-id=\"ea2370a\" data-element_type=\"widget\" data-e-type=\"widget\" data-widget_type=\"image.default\">\n\t\t\t\t<div class=\"elementor-widget-container\">\n\t\t\t\t\t\t\t\t\t\t\t\t\t\t\t<img fetchpriority=\"high\" decoding=\"async\" width=\"300\" height=\"178\" src=\"https:\/\/dmpower.erasmus.site\/wp-content\/uploads\/2022\/05\/logo-300x178.png\" class=\"attachment-medium size-medium wp-image-67\" alt=\"\" srcset=\"https:\/\/dmpower.erasmus.site\/wp-content\/uploads\/2022\/05\/logo-300x178.png 300w, https:\/\/dmpower.erasmus.site\/wp-content\/uploads\/2022\/05\/logo.png 368w\" sizes=\"(max-width: 300px) 100vw, 300px\" \/>\t\t\t\t\t\t\t\t\t\t\t\t\t\t\t<\/div>\n\t\t\t\t<\/div>\n\t\t\t\t<div class=\"elementor-element elementor-element-c52a14d elementor-widget elementor-widget-heading\" data-id=\"c52a14d\" data-element_type=\"widget\" data-e-type=\"widget\" data-widget_type=\"heading.default\">\n\t\t\t\t<div class=\"elementor-widget-container\">\n\t\t\t\t\t<h2 class=\"elementor-heading-title elementor-size-medium\">ESEP<\/h2>\t\t\t\t<\/div>\n\t\t\t\t<\/div>\n\t\t\t\t<div class=\"elementor-element elementor-element-20bc951 elementor-widget elementor-widget-text-editor\" data-id=\"20bc951\" data-element_type=\"widget\" data-e-type=\"widget\" data-widget_type=\"text-editor.default\">\n\t\t\t\t<div class=\"elementor-widget-container\">\n\t\t\t\t\t\t\t\t\t<p>Filmy eksploracyjne zostan\u0105 umieszczone na platformie, aby inni nauczyciele dowiedzieli si\u0119 o Platformie DMP i jej korzystnym zastosowaniu dla siebie, uczni\u00f3w i o\u015brodka edukacyjnego.<\/p>\t\t\t\t\t\t\t\t<\/div>\n\t\t\t\t<\/div>\n\t\t\t\t<div class=\"elementor-element elementor-element-2baf80f elementor-align-center elementor-widget elementor-widget-button\" data-id=\"2baf80f\" data-element_type=\"widget\" data-e-type=\"widget\" data-widget_type=\"button.default\">\n\t\t\t\t<div class=\"elementor-widget-container\">\n\t\t\t\t\t\t\t\t\t<div class=\"elementor-button-wrapper\">\n\t\t\t\t\t<a class=\"elementor-button elementor-button-link elementor-size-sm\" href=\"https:\/\/school-education.ec.europa.eu\/es\/group\/digital-mentor-power\" target=\"_blank\">\n\t\t\t\t\t\t<span class=\"elementor-button-content-wrapper\">\n\t\t\t\t\t\t\t\t\t<span class=\"elementor-button-text\">Open<\/span>\n\t\t\t\t\t<\/span>\n\t\t\t\t\t<\/a>\n\t\t\t\t<\/div>\n\t\t\t\t\t\t\t\t<\/div>\n\t\t\t\t<\/div>\n\t\t\t\t\t<\/div>\n\t\t<\/div>\n\t\t\t\t<div class=\"elementor-column elementor-col-33 elementor-top-column elementor-element elementor-element-3e60193\" data-id=\"3e60193\" data-element_type=\"column\" data-e-type=\"column\">\n\t\t\t<div class=\"elementor-widget-wrap elementor-element-populated\">\n\t\t\t\t\t\t<div class=\"elementor-element elementor-element-de266be elementor-widget elementor-widget-image\" data-id=\"de266be\" data-element_type=\"widget\" data-e-type=\"widget\" data-widget_type=\"image.default\">\n\t\t\t\t<div class=\"elementor-widget-container\">\n\t\t\t\t\t\t\t\t\t\t\t\t\t\t\t<img decoding=\"async\" width=\"454\" height=\"455\" src=\"https:\/\/dmpower.erasmus.site\/wp-content\/uploads\/2022\/06\/Obraz2-1.png\" class=\"attachment-large size-large wp-image-253\" alt=\"\" srcset=\"https:\/\/dmpower.erasmus.site\/wp-content\/uploads\/2022\/06\/Obraz2-1.png 454w, https:\/\/dmpower.erasmus.site\/wp-content\/uploads\/2022\/06\/Obraz2-1-300x300.png 300w, https:\/\/dmpower.erasmus.site\/wp-content\/uploads\/2022\/06\/Obraz2-1-150x150.png 150w\" sizes=\"(max-width: 454px) 100vw, 454px\" \/>\t\t\t\t\t\t\t\t\t\t\t\t\t\t\t<\/div>\n\t\t\t\t<\/div>\n\t\t\t\t<div class=\"elementor-element elementor-element-4624067 elementor-widget elementor-widget-heading\" data-id=\"4624067\" data-element_type=\"widget\" data-e-type=\"widget\" data-widget_type=\"heading.default\">\n\t\t\t\t<div class=\"elementor-widget-container\">\n\t\t\t\t\t<h2 class=\"elementor-heading-title elementor-size-medium\">ETWINNING<\/h2>\t\t\t\t<\/div>\n\t\t\t\t<\/div>\n\t\t\t\t<div class=\"elementor-element elementor-element-647ebba elementor-widget elementor-widget-text-editor\" data-id=\"647ebba\" data-element_type=\"widget\" data-e-type=\"widget\" data-widget_type=\"text-editor.default\">\n\t\t\t\t<div class=\"elementor-widget-container\">\n\t\t\t\t\t\t\t\t\t<p>Celem projektu DMP jest nawi\u0105zanie wsp\u00f3\u0142pracy ze stron\u0105 eTwinning i zaoferowanie jej Platformy DMP jako zasobu dla nauczycieli, z kt\u00f3rego mogliby korzysta\u0107 i uczy\u0107 si\u0119 nowych umiej\u0119tno\u015bci cyfrowych w ramach programu zorientowanego na wymian\u0119 par.<\/p>\t\t\t\t\t\t\t\t<\/div>\n\t\t\t\t<\/div>\n\t\t\t\t\t<\/div>\n\t\t<\/div>\n\t\t\t\t<div class=\"elementor-column elementor-col-33 elementor-top-column elementor-element elementor-element-53ef603\" data-id=\"53ef603\" data-element_type=\"column\" data-e-type=\"column\">\n\t\t\t<div class=\"elementor-widget-wrap elementor-element-populated\">\n\t\t\t\t\t\t<div class=\"elementor-element elementor-element-f25e07d elementor-widget elementor-widget-image\" data-id=\"f25e07d\" data-element_type=\"widget\" data-e-type=\"widget\" data-widget_type=\"image.default\">\n\t\t\t\t<div class=\"elementor-widget-container\">\n\t\t\t\t\t\t\t\t\t\t\t\t\t\t\t<img decoding=\"async\" width=\"490\" height=\"491\" src=\"https:\/\/dmpower.erasmus.site\/wp-content\/uploads\/2022\/06\/Obraz3-1.png\" class=\"attachment-large size-large wp-image-255\" alt=\"\" srcset=\"https:\/\/dmpower.erasmus.site\/wp-content\/uploads\/2022\/06\/Obraz3-1.png 490w, https:\/\/dmpower.erasmus.site\/wp-content\/uploads\/2022\/06\/Obraz3-1-300x300.png 300w, https:\/\/dmpower.erasmus.site\/wp-content\/uploads\/2022\/06\/Obraz3-1-150x150.png 150w\" sizes=\"(max-width: 490px) 100vw, 490px\" \/>\t\t\t\t\t\t\t\t\t\t\t\t\t\t\t<\/div>\n\t\t\t\t<\/div>\n\t\t\t\t<div class=\"elementor-element elementor-element-75db839 elementor-widget elementor-widget-heading\" data-id=\"75db839\" data-element_type=\"widget\" data-e-type=\"widget\" data-widget_type=\"heading.default\">\n\t\t\t\t<div class=\"elementor-widget-container\">\n\t\t\t\t\t<h2 class=\"elementor-heading-title elementor-size-medium\">DIG COMP EDU\n<\/h2>\t\t\t\t<\/div>\n\t\t\t\t<\/div>\n\t\t\t\t<div class=\"elementor-element elementor-element-aa65baa elementor-widget elementor-widget-text-editor\" data-id=\"aa65baa\" data-element_type=\"widget\" data-e-type=\"widget\" data-widget_type=\"text-editor.default\">\n\t\t\t\t<div class=\"elementor-widget-container\">\n\t\t\t\t\t\t\t\t\t<p><\/p><p><\/p><p>Ramy DigCompEdu zostan\u0105 wykorzystane jako przewodnik do budowy bazy danych, a p\u00f3\u017aniej do klasyfikacji r\u00f3\u017cnych narz\u0119dzi wed\u0142ug kompetencji cyfrowych edukator\u00f3w.<\/p>\t\t\t\t\t\t\t\t<\/div>\n\t\t\t\t<\/div>\n\t\t\t\t<div class=\"elementor-element elementor-element-1d1ad5a elementor-align-center elementor-widget elementor-widget-button\" data-id=\"1d1ad5a\" data-element_type=\"widget\" data-e-type=\"widget\" data-widget_type=\"button.default\">\n\t\t\t\t<div class=\"elementor-widget-container\">\n\t\t\t\t\t\t\t\t\t<div class=\"elementor-button-wrapper\">\n\t\t\t\t\t<a class=\"elementor-button elementor-button-link elementor-size-sm\" href=\"https:\/\/joint-research-centre.ec.europa.eu\/digcompedu_en\" target=\"_blank\">\n\t\t\t\t\t\t<span class=\"elementor-button-content-wrapper\">\n\t\t\t\t\t\t\t\t\t<span class=\"elementor-button-text\">Open<\/span>\n\t\t\t\t\t<\/span>\n\t\t\t\t\t<\/a>\n\t\t\t\t<\/div>\n\t\t\t\t\t\t\t\t<\/div>\n\t\t\t\t<\/div>\n\t\t\t\t\t<\/div>\n\t\t<\/div>\n\t\t\t\t\t<\/div>\n\t\t<\/section>\n\t\t\t\t<section class=\"elementor-section elementor-top-section elementor-element elementor-element-20f04e1 elementor-section-boxed elementor-section-height-default elementor-section-height-default\" data-id=\"20f04e1\" data-element_type=\"section\" data-e-type=\"section\">\n\t\t\t\t\t\t<div class=\"elementor-container elementor-column-gap-default\">\n\t\t\t\t\t<div class=\"elementor-column elementor-col-33 elementor-top-column elementor-element elementor-element-3aa56a9\" data-id=\"3aa56a9\" data-element_type=\"column\" data-e-type=\"column\">\n\t\t\t<div class=\"elementor-widget-wrap\">\n\t\t\t\t\t\t\t<\/div>\n\t\t<\/div>\n\t\t\t\t<div class=\"elementor-column elementor-col-33 elementor-top-column elementor-element elementor-element-11087d6\" data-id=\"11087d6\" data-element_type=\"column\" data-e-type=\"column\">\n\t\t\t<div class=\"elementor-widget-wrap elementor-element-populated\">\n\t\t\t\t\t\t<div class=\"elementor-element elementor-element-a61aea8 elementor-widget elementor-widget-image\" data-id=\"a61aea8\" data-element_type=\"widget\" data-e-type=\"widget\" data-widget_type=\"image.default\">\n\t\t\t\t<div class=\"elementor-widget-container\">\n\t\t\t\t\t\t\t\t\t\t\t\t\t\t\t<img loading=\"lazy\" decoding=\"async\" width=\"478\" height=\"478\" src=\"https:\/\/dmpower.erasmus.site\/wp-content\/uploads\/2022\/06\/Obraz4-1.png\" class=\"attachment-large size-large wp-image-256\" alt=\"\" srcset=\"https:\/\/dmpower.erasmus.site\/wp-content\/uploads\/2022\/06\/Obraz4-1.png 478w, https:\/\/dmpower.erasmus.site\/wp-content\/uploads\/2022\/06\/Obraz4-1-300x300.png 300w, https:\/\/dmpower.erasmus.site\/wp-content\/uploads\/2022\/06\/Obraz4-1-150x150.png 150w\" sizes=\"(max-width: 478px) 100vw, 478px\" \/>\t\t\t\t\t\t\t\t\t\t\t\t\t\t\t<\/div>\n\t\t\t\t<\/div>\n\t\t\t\t<div class=\"elementor-element elementor-element-216bce5 elementor-widget elementor-widget-heading\" data-id=\"216bce5\" data-element_type=\"widget\" data-e-type=\"widget\" data-widget_type=\"heading.default\">\n\t\t\t\t<div class=\"elementor-widget-container\">\n\t\t\t\t\t<h2 class=\"elementor-heading-title elementor-size-medium\">EUROPASS<\/h2>\t\t\t\t<\/div>\n\t\t\t\t<\/div>\n\t\t\t\t<div class=\"elementor-element elementor-element-bc0b1d7 elementor-widget elementor-widget-text-editor\" data-id=\"bc0b1d7\" data-element_type=\"widget\" data-e-type=\"widget\" data-widget_type=\"text-editor.default\">\n\t\t\t\t<div class=\"elementor-widget-container\">\n\t\t\t\t\t\t\t\t\t<p>Certyfikacja Europass b\u0119dzie r\u00f3wnie\u017c wykorzystywana poprzez wgranie do Digital Mentors certyfikat\u00f3w wystawionych przez o\u015brodki edukacyjne bior\u0105ce udzia\u0142 w projekcie po pomy\u015blnym zako\u0144czeniu 20 sesji mentorskich.<\/p>\t\t\t\t\t\t\t\t<\/div>\n\t\t\t\t<\/div>\n\t\t\t\t\t<\/div>\n\t\t<\/div>\n\t\t\t\t<div class=\"elementor-column elementor-col-33 elementor-top-column elementor-element elementor-element-a303dc0\" data-id=\"a303dc0\" data-element_type=\"column\" data-e-type=\"column\">\n\t\t\t<div class=\"elementor-widget-wrap\">\n\t\t\t\t\t\t\t<\/div>\n\t\t<\/div>\n\t\t\t\t\t<\/div>\n\t\t<\/section>\n\t\t\t\t<\/div>\n\t\t","protected":false},"excerpt":{"rendered":"<p>SZKOLNA BRAMA EDUKACYJNA ESEP Filmy eksploracyjne zostan\u0105 umieszczone na platformie, aby inni nauczyciele dowiedzieli si\u0119 o Platformie DMP i jej korzystnym zastosowaniu dla siebie, uczni\u00f3w i o\u015brodka edukacyjnego. Open ETWINNING Celem projektu DMP jest nawi\u0105zanie wsp\u00f3\u0142pracy ze stron\u0105 eTwinning i zaoferowanie jej Platformy DMP jako zasobu dla nauczycieli, z kt\u00f3rego mogliby korzysta\u0107 i uczy\u0107 si\u0119&hellip;&nbsp;<\/p>\n","protected":false},"author":1,"featured_media":0,"parent":0,"menu_order":0,"comment_status":"closed","ping_status":"closed","template":"page-templates\/template-pagebuilder-full-width.php","meta":{"neve_meta_sidebar":"","neve_meta_container":"","neve_meta_enable_content_width":"off","neve_meta_content_width":100,"neve_meta_title_alignment":"","neve_meta_author_avatar":"","neve_post_elements_order":"","neve_meta_disable_header":"","neve_meta_disable_footer":"","neve_meta_disable_title":"","footnotes":""},"class_list":["post-226","page","type-page","status-publish","hentry"],"_links":{"self":[{"href":"https:\/\/dmpower.erasmus.site\/pl\/wp-json\/wp\/v2\/pages\/226","targetHints":{"allow":["GET"]}}],"collection":[{"href":"https:\/\/dmpower.erasmus.site\/pl\/wp-json\/wp\/v2\/pages"}],"about":[{"href":"https:\/\/dmpower.erasmus.site\/pl\/wp-json\/wp\/v2\/types\/page"}],"author":[{"embeddable":true,"href":"https:\/\/dmpower.erasmus.site\/pl\/wp-json\/wp\/v2\/users\/1"}],"replies":[{"embeddable":true,"href":"https:\/\/dmpower.erasmus.site\/pl\/wp-json\/wp\/v2\/comments?post=226"}],"version-history":[{"count":55,"href":"https:\/\/dmpower.erasmus.site\/pl\/wp-json\/wp\/v2\/pages\/226\/revisions"}],"predecessor-version":[{"id":467,"href":"https:\/\/dmpower.erasmus.site\/pl\/wp-json\/wp\/v2\/pages\/226\/revisions\/467"}],"wp:attachment":[{"href":"https:\/\/dmpower.erasmus.site\/pl\/wp-json\/wp\/v2\/media?parent=226"}],"curies":[{"name":"wp","href":"https:\/\/api.w.org\/{rel}","templated":true}]}}