{"id":98,"date":"2022-05-27T11:58:08","date_gmt":"2022-05-27T11:58:08","guid":{"rendered":"https:\/\/dmpower.erasmus.site\/?page_id=98"},"modified":"2022-10-28T17:42:31","modified_gmt":"2022-10-28T17:42:31","slug":"meet-the-partners","status":"publish","type":"page","link":"https:\/\/dmpower.erasmus.site\/pl\/meet-the-partners\/","title":{"rendered":"POZNAJ PARTNER\u00d3W"},"content":{"rendered":"\t\t<div data-elementor-type=\"wp-page\" data-elementor-id=\"98\" class=\"elementor elementor-98\">\n\t\t\t\t\t\t<section class=\"elementor-section elementor-top-section elementor-element elementor-element-89c5f4c elementor-section-boxed elementor-section-height-default elementor-section-height-default\" data-id=\"89c5f4c\" data-element_type=\"section\" data-e-type=\"section\" data-settings=\"{&quot;background_background&quot;:&quot;gradient&quot;}\">\n\t\t\t\t\t\t<div class=\"elementor-container elementor-column-gap-default\">\n\t\t\t\t\t<div class=\"elementor-column elementor-col-33 elementor-top-column elementor-element elementor-element-f8b4af3\" data-id=\"f8b4af3\" data-element_type=\"column\" data-e-type=\"column\" data-settings=\"{&quot;background_background&quot;:&quot;classic&quot;}\">\n\t\t\t<div class=\"elementor-widget-wrap elementor-element-populated\">\n\t\t\t\t\t\t<div class=\"elementor-element elementor-element-feddd64 elementor-widget elementor-widget-image\" data-id=\"feddd64\" data-element_type=\"widget\" data-e-type=\"widget\" data-widget_type=\"image.default\">\n\t\t\t\t<div class=\"elementor-widget-container\">\n\t\t\t\t\t\t\t\t\t\t\t\t\t\t\t<img decoding=\"async\" width=\"71\" height=\"62\" src=\"https:\/\/dmpower.erasmus.site\/wp-content\/uploads\/2022\/06\/Obraz1.png\" class=\"attachment-large size-large wp-image-183\" alt=\"\" \/>\t\t\t\t\t\t\t\t\t\t\t\t\t\t\t<\/div>\n\t\t\t\t<\/div>\n\t\t\t\t<div class=\"elementor-element elementor-element-510f519 elementor-widget elementor-widget-heading\" data-id=\"510f519\" data-element_type=\"widget\" data-e-type=\"widget\" data-widget_type=\"heading.default\">\n\t\t\t\t<div class=\"elementor-widget-container\">\n\t\t\t\t\t<h2 class=\"elementor-heading-title elementor-size-medium\">CC SANT ALFONS\n<\/h2>\t\t\t\t<\/div>\n\t\t\t\t<\/div>\n\t\t\t\t<div class=\"elementor-element elementor-element-929f904 elementor-widget elementor-widget-text-editor\" data-id=\"929f904\" data-element_type=\"widget\" data-e-type=\"widget\" data-widget_type=\"text-editor.default\">\n\t\t\t\t<div class=\"elementor-widget-container\">\n\t\t\t\t\t\t\t\t\t<p>CC Sant Alfons to sp\u00f3\u0142dzielnia edukacyjna po\u0142o\u017cona w Felanitx na Majorce. <br \/>Obejmuje ona wszystkie poziomy edukacyjne, pocz\u0105wszy od \u017c\u0142obka, przedszkola, szko\u0142a podstawowa, szko\u0142a \u015brednia i wy\u017csze wykszta\u0142cenie zawodowe. <br \/>W sumie jest 806 uczni\u00f3w i 91 nauczycieli. CC Sant Alfons <br \/>od dw\u00f3ch lat pracuje nad rozwojem nowego punktu widzenia pedagogicznego <br \/>linii pracy ca\u0142ej szko\u0142y, tak aby by\u0142a ona zbli\u017cona do jej fizjonomii i jednocze\u015bnie z jej temperamentem: zobowi\u0105za\u0142a si\u0119 do w\u0142\u0105czenie metodologii szko\u0142y do &#8222;uczenia si\u0119 opartego na wsp\u00f3\u0142pracy&#8221;, <br \/>metodologi\u0119 integracyjn\u0105, kt\u00f3ra sprzyja sp\u00f3jno\u015bci spo\u0142ecznej. Ten nowy spos\u00f3b pracy jest bezpo\u015brednio zwi\u0105zany z prac\u0105 nad projektem, kt\u00f3ry dotyczy wszystkich cykli edukacyjnych. <\/p>\t\t\t\t\t\t\t\t<\/div>\n\t\t\t\t<\/div>\n\t\t\t\t\t<\/div>\n\t\t<\/div>\n\t\t\t\t<div class=\"elementor-column elementor-col-33 elementor-top-column elementor-element elementor-element-11c2774\" data-id=\"11c2774\" data-element_type=\"column\" data-e-type=\"column\">\n\t\t\t<div class=\"elementor-widget-wrap elementor-element-populated\">\n\t\t\t\t\t\t<div class=\"elementor-element elementor-element-4037606 elementor-widget elementor-widget-heading\" data-id=\"4037606\" data-element_type=\"widget\" data-e-type=\"widget\" data-widget_type=\"heading.default\">\n\t\t\t\t<div class=\"elementor-widget-container\">\n\t\t\t\t\t<h2 class=\"elementor-heading-title elementor-size-default\">POZNAJ PARTNER\u00d3W<\/h2>\t\t\t\t<\/div>\n\t\t\t\t<\/div>\n\t\t\t\t<div class=\"elementor-element elementor-element-d4a7f80 elementor-widget elementor-widget-image\" data-id=\"d4a7f80\" data-element_type=\"widget\" data-e-type=\"widget\" data-widget_type=\"image.default\">\n\t\t\t\t<div class=\"elementor-widget-container\">\n\t\t\t\t\t\t\t\t\t\t\t\t\t\t\t<img decoding=\"async\" width=\"150\" height=\"150\" src=\"https:\/\/dmpower.erasmus.site\/wp-content\/uploads\/2022\/05\/Obraz3-150x150.png\" class=\"attachment-thumbnail size-thumbnail wp-image-30\" alt=\"\" \/>\t\t\t\t\t\t\t\t\t\t\t\t\t\t\t<\/div>\n\t\t\t\t<\/div>\n\t\t\t\t<div class=\"elementor-element elementor-element-0b1a6b9 elementor-widget elementor-widget-image\" data-id=\"0b1a6b9\" data-element_type=\"widget\" data-e-type=\"widget\" data-widget_type=\"image.default\">\n\t\t\t\t<div class=\"elementor-widget-container\">\n\t\t\t\t\t\t\t\t\t\t\t\t\t\t\t<img fetchpriority=\"high\" decoding=\"async\" width=\"981\" height=\"553\" src=\"https:\/\/dmpower.erasmus.site\/wp-content\/uploads\/2022\/05\/Obraz4.png\" class=\"attachment-large size-large wp-image-129\" alt=\"\" srcset=\"https:\/\/dmpower.erasmus.site\/wp-content\/uploads\/2022\/05\/Obraz4.png 981w, https:\/\/dmpower.erasmus.site\/wp-content\/uploads\/2022\/05\/Obraz4-300x169.png 300w, https:\/\/dmpower.erasmus.site\/wp-content\/uploads\/2022\/05\/Obraz4-768x433.png 768w\" sizes=\"(max-width: 981px) 100vw, 981px\" \/>\t\t\t\t\t\t\t\t\t\t\t\t\t\t\t<\/div>\n\t\t\t\t<\/div>\n\t\t\t\t\t<\/div>\n\t\t<\/div>\n\t\t\t\t<div class=\"elementor-column elementor-col-33 elementor-top-column elementor-element elementor-element-1da7b09\" data-id=\"1da7b09\" data-element_type=\"column\" data-e-type=\"column\" data-settings=\"{&quot;background_background&quot;:&quot;classic&quot;}\">\n\t\t\t<div class=\"elementor-widget-wrap elementor-element-populated\">\n\t\t\t\t\t\t<div class=\"elementor-element elementor-element-3785195 elementor-widget elementor-widget-image\" data-id=\"3785195\" data-element_type=\"widget\" data-e-type=\"widget\" data-widget_type=\"image.default\">\n\t\t\t\t<div class=\"elementor-widget-container\">\n\t\t\t\t\t\t\t\t\t\t\t\t\t\t\t<img loading=\"lazy\" decoding=\"async\" width=\"133\" height=\"135\" src=\"https:\/\/dmpower.erasmus.site\/wp-content\/uploads\/2022\/06\/RHS-Logo.png\" class=\"attachment-large size-large wp-image-182\" alt=\"\" \/>\t\t\t\t\t\t\t\t\t\t\t\t\t\t\t<\/div>\n\t\t\t\t<\/div>\n\t\t\t\t<div class=\"elementor-element elementor-element-051685c elementor-widget elementor-widget-heading\" data-id=\"051685c\" data-element_type=\"widget\" data-e-type=\"widget\" data-widget_type=\"heading.default\">\n\t\t\t\t<div class=\"elementor-widget-container\">\n\t\t\t\t\t<h2 class=\"elementor-heading-title elementor-size-medium\">RICARDA HUCH S.\n<\/h2>\t\t\t\t<\/div>\n\t\t\t\t<\/div>\n\t\t\t\t<div class=\"elementor-element elementor-element-5c1c784 elementor-widget elementor-widget-text-editor\" data-id=\"5c1c784\" data-element_type=\"widget\" data-e-type=\"widget\" data-widget_type=\"text-editor.default\">\n\t\t\t\t<div class=\"elementor-widget-container\">\n\t\t\t\t\t\t\t\t\t<p><\/p><p>Ricarda-Huch-Schule to gimnazjum (Gymnasium) licz\u0105ce oko\u0142o 700 uczni\u00f3w w wieku 10-19 lat oraz oko\u0142o 60 pracownik\u00f3w. Nasza szko\u0142a od ko\u0144ca lat 90tych stale uczestniczy w projektach unijnych Comenius i Erasmus+. Zar\u00f3wno historia, jak i geografia s\u0105 nauczane w j\u0119zyku angielskim od 7 do 10 klasy, co oznacza, \u017ce nauczanie j\u0119zyk\u00f3w obcych i oczywi\u015bcie kontakty mi\u0119dzynarodowe zajmuj\u0105 u nas bardzo wysok\u0105 pozycj\u0119. Drug\u0105 bardzo charakterystyczn\u0105 cech\u0105 naszej plac\u00f3wki jest dzia\u0142 muzyczny: nasza szko\u0142a posiada trzy orkiestry d\u0119te, jedn\u0105 orkiestr\u0119 i trzy ch\u00f3ry. Ponadto w ka\u017cdej klasie jest jedna klasa, w kt\u00f3rej wszystkie dzieci ucz\u0105 si\u0119 gry na instrumencie. Poniewa\u017c nasza szko\u0142a ju\u017c dawno przyj\u0119\u0142a zasad\u0119 integracji mozna u nas spotka\u0107 wielu uczni\u00f3w niepe\u0142nosprawnych.<\/p>\t\t\t\t\t\t\t\t<\/div>\n\t\t\t\t<\/div>\n\t\t\t\t\t<\/div>\n\t\t<\/div>\n\t\t\t\t\t<\/div>\n\t\t<\/section>\n\t\t\t\t<section class=\"elementor-section elementor-top-section elementor-element elementor-element-9c4027a elementor-section-height-full elementor-section-boxed elementor-section-height-default elementor-section-items-middle\" data-id=\"9c4027a\" data-element_type=\"section\" data-e-type=\"section\" data-settings=\"{&quot;background_background&quot;:&quot;gradient&quot;}\">\n\t\t\t\t\t\t<div class=\"elementor-container elementor-column-gap-default\">\n\t\t\t\t\t<div class=\"elementor-column elementor-col-33 elementor-top-column elementor-element elementor-element-05e6f09\" data-id=\"05e6f09\" data-element_type=\"column\" data-e-type=\"column\" data-settings=\"{&quot;background_background&quot;:&quot;classic&quot;}\">\n\t\t\t<div class=\"elementor-widget-wrap elementor-element-populated\">\n\t\t\t\t\t\t<div class=\"elementor-element elementor-element-ffadbdd elementor-widget elementor-widget-image\" data-id=\"ffadbdd\" data-element_type=\"widget\" data-e-type=\"widget\" data-widget_type=\"image.default\">\n\t\t\t\t<div class=\"elementor-widget-container\">\n\t\t\t\t\t\t\t\t\t\t\t\t\t\t\t<img loading=\"lazy\" decoding=\"async\" width=\"57\" height=\"59\" src=\"https:\/\/dmpower.erasmus.site\/wp-content\/uploads\/2022\/06\/Obraz2.png\" class=\"attachment-large size-large wp-image-187\" alt=\"\" \/>\t\t\t\t\t\t\t\t\t\t\t\t\t\t\t<\/div>\n\t\t\t\t<\/div>\n\t\t\t\t<div class=\"elementor-element elementor-element-5f16fd0 elementor-widget elementor-widget-heading\" data-id=\"5f16fd0\" data-element_type=\"widget\" data-e-type=\"widget\" data-widget_type=\"heading.default\">\n\t\t\t\t<div class=\"elementor-widget-container\">\n\t\t\t\t\t<h2 class=\"elementor-heading-title elementor-size-medium\">CENTRE FOR EDUCATION\n<\/h2>\t\t\t\t<\/div>\n\t\t\t\t<\/div>\n\t\t\t\t<div class=\"elementor-element elementor-element-abe0131 elementor-widget elementor-widget-text-editor\" data-id=\"abe0131\" data-element_type=\"widget\" data-e-type=\"widget\" data-widget_type=\"text-editor.default\">\n\t\t\t\t<div class=\"elementor-widget-container\">\n\t\t\t\t\t\t\t\t\t<p><\/p><p>C4E jest Stowarzyszeniem Not for Profit z siedzib\u0105 w Manacor na Majorce. Zesp\u00f3\u0142 profesjonalnych edukator\u00f3w i wolontariuszy dzia\u0142a na rzecz nast\u0119puj\u0105cych cel\u00f3w i zada\u0144: <br \/>Poprawa mo\u017cliwo\u015bci edukacji i szkole\u0144 zar\u00f3wno w tre\u015bci jak i w metodzie, zwi\u0119kszenie dost\u0119pno\u015bci edukacji i szkole\u0144 oraz poprawa szans na zatrudnienie, poprawa ponownego wej\u015bcia do edukacji lub samozatrudnienia. W tym celu C4E zapewnia edukacj\u0119 i szkolenia dla dzieci, m\u0142odzie\u017cy i doros\u0142ych (cz\u0119sto o pochodzeniu migracyjnym) w formie kurs\u00f3w j\u0119zykowych, cyfrowych \/ komputerowych i szkole\u0144 w zakresie kluczowych kompetencji w celu poprawy zdolno\u015bci do zatrudnienia. Do Centrum ucz\u0119szczaj\u0105 uczniowie z r\u00f3\u017cnych \u015brodowisk spo\u0142ecznych, pochodz\u0105cy z r\u00f3\u017cnych kraj\u00f3w UE, w wieku od 16 lat wzwy\u017c.<\/p>\t\t\t\t\t\t\t\t<\/div>\n\t\t\t\t<\/div>\n\t\t\t\t\t<\/div>\n\t\t<\/div>\n\t\t\t\t<div class=\"elementor-column elementor-col-33 elementor-top-column elementor-element elementor-element-a392b86\" data-id=\"a392b86\" data-element_type=\"column\" data-e-type=\"column\">\n\t\t\t<div class=\"elementor-widget-wrap\">\n\t\t\t\t\t\t\t<\/div>\n\t\t<\/div>\n\t\t\t\t<div class=\"elementor-column elementor-col-33 elementor-top-column elementor-element elementor-element-1b0b53f\" data-id=\"1b0b53f\" data-element_type=\"column\" data-e-type=\"column\" data-settings=\"{&quot;background_background&quot;:&quot;classic&quot;}\">\n\t\t\t<div class=\"elementor-widget-wrap elementor-element-populated\">\n\t\t\t\t\t\t<div class=\"elementor-element elementor-element-aff620e elementor-widget elementor-widget-image\" data-id=\"aff620e\" data-element_type=\"widget\" data-e-type=\"widget\" data-widget_type=\"image.default\">\n\t\t\t\t<div class=\"elementor-widget-container\">\n\t\t\t\t\t\t\t\t\t\t\t\t\t\t\t<img loading=\"lazy\" decoding=\"async\" width=\"60\" height=\"52\" src=\"https:\/\/dmpower.erasmus.site\/wp-content\/uploads\/2022\/06\/Obraz3.png\" class=\"attachment-large size-large wp-image-188\" alt=\"\" \/>\t\t\t\t\t\t\t\t\t\t\t\t\t\t\t<\/div>\n\t\t\t\t<\/div>\n\t\t\t\t<div class=\"elementor-element elementor-element-b95c3c4 elementor-widget elementor-widget-heading\" data-id=\"b95c3c4\" data-element_type=\"widget\" data-e-type=\"widget\" data-widget_type=\"heading.default\">\n\t\t\t\t<div class=\"elementor-widget-container\">\n\t\t\t\t\t<h2 class=\"elementor-heading-title elementor-size-medium\">CWEP<\/h2>\t\t\t\t<\/div>\n\t\t\t\t<\/div>\n\t\t\t\t<div class=\"elementor-element elementor-element-98440f1 elementor-widget elementor-widget-text-editor\" data-id=\"98440f1\" data-element_type=\"widget\" data-e-type=\"widget\" data-widget_type=\"text-editor.default\">\n\t\t\t\t<div class=\"elementor-widget-container\">\n\t\t\t\t\t\t\t\t\t<p>CWEP jest organizacj\u0105 pozarz\u0105dow\u0105 za\u0142o\u017con\u0105 w 2004 roku przez grup\u0119 przedsi\u0119biorc\u00f3w, nauczycieli i dzia\u0142aczy spo\u0142ecznych z Rzeszowa. CWEP wsp\u00f3\u0142pracuje z przedsi\u0119biorstwami i instytucjami edukacyjnymi. Misj\u0105 CWEP jest podnoszenie jako\u015bci kszta\u0142cenia na wszystkich poziomach i we wszystkich formach, a tak\u017ce promowanie przedsi\u0119biorczo\u015bci w celu wspierania integracji ka\u017cdej grupy spo\u0142ecznej, niezale\u017cnie od jej p\u0142ci, wieku czy pochodzenia etnicznego. W szczeg\u00f3lno\u015bci celem jest poprawa dost\u0119pno\u015bci, jako\u015bci i efektywno\u015bci edukacji wszystkich ludzi, promowanie i przyczynianie si\u0119 do edukacji doros\u0142ych, uczenia si\u0119 przez ca\u0142e \u017cycie, e-learningu i wykorzystania nowych technologii w edukacji i przedsi\u0119biorczo\u015bci. Stowarzyszenie wsp\u00f3\u0142pracuje z wieloma partnerami z Europy w celu wzmocnienia pozycji gospodarczej przedsi\u0119biorstw oraz udost\u0119pnia platformy internetowe dla firm.<\/p>\t\t\t\t\t\t\t\t<\/div>\n\t\t\t\t<\/div>\n\t\t\t\t\t<\/div>\n\t\t<\/div>\n\t\t\t\t\t<\/div>\n\t\t<\/section>\n\t\t\t\t<section class=\"elementor-section elementor-top-section elementor-element elementor-element-2060f94 elementor-section-height-full elementor-section-boxed elementor-section-height-default elementor-section-items-middle\" data-id=\"2060f94\" data-element_type=\"section\" data-e-type=\"section\" data-settings=\"{&quot;background_background&quot;:&quot;gradient&quot;}\">\n\t\t\t\t\t\t<div class=\"elementor-container elementor-column-gap-default\">\n\t\t\t\t\t<div class=\"elementor-column elementor-col-33 elementor-top-column elementor-element elementor-element-48ca547\" data-id=\"48ca547\" data-element_type=\"column\" data-e-type=\"column\" data-settings=\"{&quot;background_background&quot;:&quot;classic&quot;}\">\n\t\t\t<div class=\"elementor-widget-wrap elementor-element-populated\">\n\t\t\t\t\t\t<div class=\"elementor-element elementor-element-efa8e08 elementor-widget elementor-widget-image\" data-id=\"efa8e08\" data-element_type=\"widget\" data-e-type=\"widget\" data-widget_type=\"image.default\">\n\t\t\t\t<div class=\"elementor-widget-container\">\n\t\t\t\t\t\t\t\t\t\t\t\t\t\t\t<img loading=\"lazy\" decoding=\"async\" width=\"95\" height=\"83\" src=\"https:\/\/dmpower.erasmus.site\/wp-content\/uploads\/2022\/06\/Obraz4.png\" class=\"attachment-large size-large wp-image-189\" alt=\"\" \/>\t\t\t\t\t\t\t\t\t\t\t\t\t\t\t<\/div>\n\t\t\t\t<\/div>\n\t\t\t\t<div class=\"elementor-element elementor-element-6cfac70 elementor-widget elementor-widget-heading\" data-id=\"6cfac70\" data-element_type=\"widget\" data-e-type=\"widget\" data-widget_type=\"heading.default\">\n\t\t\t\t<div class=\"elementor-widget-container\">\n\t\t\t\t\t<h2 class=\"elementor-heading-title elementor-size-medium\">LUDUSXR<\/h2>\t\t\t\t<\/div>\n\t\t\t\t<\/div>\n\t\t\t\t<div class=\"elementor-element elementor-element-190cc68 elementor-widget elementor-widget-text-editor\" data-id=\"190cc68\" data-element_type=\"widget\" data-e-type=\"widget\" data-widget_type=\"text-editor.default\">\n\t\t\t\t<div class=\"elementor-widget-container\">\n\t\t\t\t\t\t\t\t\t<p><\/p><p><\/p><p>W LudusXR specjalizujemy si\u0119 w tworzeniu gier komputerowych, do\u015bwiadcze\u0144 wirtualnej i rozszerzonej rzeczywisto\u015bci, aplikacji i wszelkiego rodzaju narz\u0119dzi cyfrowych do nauki, edukacji i szkole\u0144, w szczeg\u00f3lno\u015bci w projektach ERASMUS+ \/ UE. Przed za\u0142o\u017ceniem LudusXR, przez ostatnie 10 lat, prowadzili\u015bmy dzia\u0142 IT w Resource Center for Integration, w Vejle Municipality, Dania. Tutaj pracowali\u015bmy jako koordynatorzy projekt\u00f3w, partnerzy, programi\u015bci, fundraiserzy, dzia\u0142y sprzeda\u017cy i marketingu oraz wiele innych r\u00f3l. Innymi s\u0142owy, jeste\u015bmy pe\u0142nym pakietem.<\/p>\t\t\t\t\t\t\t\t<\/div>\n\t\t\t\t<\/div>\n\t\t\t\t\t<\/div>\n\t\t<\/div>\n\t\t\t\t<div class=\"elementor-column elementor-col-33 elementor-top-column elementor-element elementor-element-df7aff0\" data-id=\"df7aff0\" data-element_type=\"column\" data-e-type=\"column\">\n\t\t\t<div class=\"elementor-widget-wrap\">\n\t\t\t\t\t\t\t<\/div>\n\t\t<\/div>\n\t\t\t\t<div class=\"elementor-column elementor-col-33 elementor-top-column elementor-element elementor-element-3254b9d\" data-id=\"3254b9d\" data-element_type=\"column\" data-e-type=\"column\" data-settings=\"{&quot;background_background&quot;:&quot;classic&quot;}\">\n\t\t\t<div class=\"elementor-widget-wrap elementor-element-populated\">\n\t\t\t\t\t\t<div class=\"elementor-element elementor-element-ac33363 elementor-widget elementor-widget-image\" data-id=\"ac33363\" data-element_type=\"widget\" data-e-type=\"widget\" data-widget_type=\"image.default\">\n\t\t\t\t<div class=\"elementor-widget-container\">\n\t\t\t\t\t\t\t\t\t\t\t\t\t\t\t<img loading=\"lazy\" decoding=\"async\" width=\"98\" height=\"60\" src=\"https:\/\/dmpower.erasmus.site\/wp-content\/uploads\/2022\/06\/Obraz5.png\" class=\"attachment-large size-large wp-image-190\" alt=\"\" \/>\t\t\t\t\t\t\t\t\t\t\t\t\t\t\t<\/div>\n\t\t\t\t<\/div>\n\t\t\t\t<div class=\"elementor-element elementor-element-6ff62cd elementor-widget elementor-widget-heading\" data-id=\"6ff62cd\" data-element_type=\"widget\" data-e-type=\"widget\" data-widget_type=\"heading.default\">\n\t\t\t\t<div class=\"elementor-widget-container\">\n\t\t\t\t\t<h2 class=\"elementor-heading-title elementor-size-medium\">ZESPOL SZKOL\n<\/h2>\t\t\t\t<\/div>\n\t\t\t\t<\/div>\n\t\t\t\t<div class=\"elementor-element elementor-element-a886115 elementor-widget elementor-widget-text-editor\" data-id=\"a886115\" data-element_type=\"widget\" data-e-type=\"widget\" data-widget_type=\"text-editor.default\">\n\t\t\t\t<div class=\"elementor-widget-container\">\n\t\t\t\t\t\t\t\t\t<p><\/p><p><\/p><p>Zesp\u00f3\u0142 Szk\u00f3\u0142 im. Pr. Zesp\u00f3\u0142 Szk\u00f3\u0142 im. dr Jana Zwierza zosta\u0142 za\u0142o\u017cony w 1944 roku przez ksi\u0119dza Jana Zwierza, kt\u00f3ry by\u0142 wikariuszem przy miejscowym ko\u015bciele katolickim pw. Przemienienia Pa\u0144skiego. Od samego pocz\u0105tku zadaniem Szko\u0142y by\u0142o wspieranie m\u0142odzie\u017cy w zdobywaniu najlepszych kwalifikacji zawodowych i szerokiej wiedzy interdyscyplinarnej.<br \/>Szko\u0142a stale si\u0119 rozwija, obecnie jest najwi\u0119ksz\u0105 szko\u0142\u0105 \u015bredni\u0105 w powiecie ropczycko-s\u0119dziszowskim. Szko\u0142a posiada w swoich zasobach ponad 50 dobrze wyposa\u017conych sal lekcyjnych, kryt\u0105 hal\u0119 widowiskowo-sportow\u0105, kompleks boisk, sal\u0119 gimnastyczn\u0105, aul\u0119, warsztaty szkolne i internat, posiada r\u00f3wnie\u017c w\u0142asny autobus szkolny. Szko\u0142a nawi\u0105za\u0142a i stale rozwija silne partnerstwo z najwi\u0119kszymi podmiotami na lokalnym rynku pracy.<\/p>\t\t\t\t\t\t\t\t<\/div>\n\t\t\t\t<\/div>\n\t\t\t\t\t<\/div>\n\t\t<\/div>\n\t\t\t\t\t<\/div>\n\t\t<\/section>\n\t\t\t\t<\/div>\n\t\t","protected":false},"excerpt":{"rendered":"<p>CC SANT ALFONS CC Sant Alfons to sp\u00f3\u0142dzielnia edukacyjna po\u0142o\u017cona w Felanitx na Majorce. Obejmuje ona wszystkie poziomy edukacyjne, pocz\u0105wszy od \u017c\u0142obka, przedszkola, szko\u0142a podstawowa, szko\u0142a \u015brednia i wy\u017csze wykszta\u0142cenie zawodowe. W sumie jest 806 uczni\u00f3w i 91 nauczycieli. CC Sant Alfons od dw\u00f3ch lat pracuje nad rozwojem nowego punktu widzenia pedagogicznego linii pracy ca\u0142ej&hellip;&nbsp;<\/p>\n","protected":false},"author":1,"featured_media":0,"parent":0,"menu_order":0,"comment_status":"closed","ping_status":"closed","template":"page-templates\/template-pagebuilder-full-width.php","meta":{"neve_meta_sidebar":"","neve_meta_container":"","neve_meta_enable_content_width":"off","neve_meta_content_width":100,"neve_meta_title_alignment":"","neve_meta_author_avatar":"","neve_post_elements_order":"","neve_meta_disable_header":"","neve_meta_disable_footer":"","neve_meta_disable_title":"","footnotes":""},"class_list":["post-98","page","type-page","status-publish","hentry"],"_links":{"self":[{"href":"https:\/\/dmpower.erasmus.site\/pl\/wp-json\/wp\/v2\/pages\/98","targetHints":{"allow":["GET"]}}],"collection":[{"href":"https:\/\/dmpower.erasmus.site\/pl\/wp-json\/wp\/v2\/pages"}],"about":[{"href":"https:\/\/dmpower.erasmus.site\/pl\/wp-json\/wp\/v2\/types\/page"}],"author":[{"embeddable":true,"href":"https:\/\/dmpower.erasmus.site\/pl\/wp-json\/wp\/v2\/users\/1"}],"replies":[{"embeddable":true,"href":"https:\/\/dmpower.erasmus.site\/pl\/wp-json\/wp\/v2\/comments?post=98"}],"version-history":[{"count":100,"href":"https:\/\/dmpower.erasmus.site\/pl\/wp-json\/wp\/v2\/pages\/98\/revisions"}],"predecessor-version":[{"id":439,"href":"https:\/\/dmpower.erasmus.site\/pl\/wp-json\/wp\/v2\/pages\/98\/revisions\/439"}],"wp:attachment":[{"href":"https:\/\/dmpower.erasmus.site\/pl\/wp-json\/wp\/v2\/media?parent=98"}],"curies":[{"name":"wp","href":"https:\/\/api.w.org\/{rel}","templated":true}]}}